{"id":999,"date":"2020-04-29T06:02:23","date_gmt":"2020-04-29T05:02:23","guid":{"rendered":"https:\/\/www.marineudstyr.dk\/guide\/?page_id=999"},"modified":"2020-04-29T06:02:24","modified_gmt":"2020-04-29T05:02:24","slug":"roskilde","status":"publish","type":"page","link":"https:\/\/www.marineudstyr.dk\/guide\/baadudstyr-sjaelland\/roskilde\/","title":{"rendered":"Marineudstyr og sejlershops i Roskilde"},"content":{"rendered":"\n<p>I Roskilde ligger der en flot lystb\u00e5dehavn, der har udvidet sin st\u00f8rrelse gennem \u00e5rene. I 1972 startede man byggeriet, hvor Den Gamle Havn blev bygget. Senere i 1997 lavede man en udvidelse, og i dag har Roskilde Lystb\u00e5dehavn 310 b\u00e5dpladser. Det er mange pladser, men Roskilde Havn befinder sig ogs\u00e5 i et smukt naturomr\u00e5de, der tiltr\u00e6kker mange g\u00e6stesejlere.<\/p>\n\n\n\n<p>Indsejlingen til Roskilde Havn starter ude fra Isefjord, hvor man sejler cirka 40 kilometer ind i fjorden til Roskilde. Det er et natursk\u00f8nt omr\u00e5de, hvor b\u00e5de naturen og fuglene pr\u00e6ger indsejlingen. I Isefjord sejler man forbi 30 \u00f8er og holme, hvilket kr\u00e6ver lidt \u00f8velse \u2013 men det er til geng\u00e6ld en fantastisk og smuk oplevelse.<\/p>\n\n\n\n<p>N\u00e5r man sejler igennem Isefjord og ned til Roskilde, handler det blandt om at have b\u00e5dudstyret i orden, s\u00e5 du har de rette hj\u00e6lpemidler til at se de sm\u00e5 \u00f8er og holme. Naturen omkring fjorden ned til Roskilde er fredet, hvorfor det virkelig er en oplevelse, I skal tage med jer, hvis I er det mindste natur- og sejlinteresseret. For ud over naturen har Roskilde ogs\u00e5 en god havn med gode muligheder for et godt maritimt milj\u00f8.<\/p>\n\n\n\n<h3>Havne omkring Roskilde<\/h3>\n\n\n\n<p>N\u00e5r man sejler igennem Isefjord ned til Roskilde, kan man ogs\u00e5 sejle forbi andre lystb\u00e5dehavne, hvor du ogs\u00e5 vil kunne opleve en dejlig stemning. I de mindre byer finder du blandt andet Veddelev Havn, Ris\u00f8 Havn og l\u00e6ngere mod nord kommer man forbi Jyllinge Havn. Du kan derfor finde andre havne lige i n\u00e6romr\u00e5det, n\u00e5r du sejler mod Roskilde.<\/p>\n\n\n\n<p>Roskilde er blandt andet kendt for Roskilde Domkirke, men byen kan ogs\u00e5 sagtens v\u00e6re stolt over sin havn. Havnen er omringet af restauranter og caf\u00e9er, der alle er med til at skabe liv for roskildenserne samt de mange turister, som kommer ind med deres b\u00e5de igennem Isefjord og ned til byen.<\/p>\n\n\n\n<p>Havnen er pr\u00e6get af en smuk indsejling samt mange restauranter, hvilket tiltr\u00e6kker mange fra n\u00e6r og fjern, idet restauranterne er med til at give et stille og roligt havnemilj\u00f8. Leder du derimod efter en sejl-shop, skal du begive dig lidt l\u00e6ngere ind i Roskilde.<\/p>\n\n\n\n<h3>Boatlab Roskilde<\/h3>\n\n\n\n<p>Hvis du vil ud til en stor sejl-shop, skal du enten tage bilen eller tage med offentlig transport, idet deres sejl-shop ligger lidt l\u00e6ngere ude af byen. Skal du i stedet blot k\u00f8be lidt outdoor-udstyr, vil du p\u00e5 Algade inde i Roskildes centrum b\u00e5de kunne finde Jagt og Lystfiskeri Huset samt Eventyrsport.<\/p>\n\n\n\n<p>I disse to butikker vil du i hvert fald kunne finde det mest essentielle, men mangler du b\u00e5dudstyr som ankergrej, b\u00e5dpleje eller motorinstrumenter, s\u00e5 skal du ud p\u00e5 denne adresse:<\/p>\n\n\n\n<p><strong>Boatlab<\/strong><br><strong>Tj\u00f8rneager 2<br>4330 Hvals\u00f8<\/strong><br><strong>+45 70 277 677<\/strong><\/p>\n\n\n\n<p>Her kan du finde b\u00e5dudstyr ved Roskilde. Det er vigtigt at f\u00e5 k\u00f8bt b\u00e5dudstyr, s\u00e5 du hele tiden vedligeholder din b\u00e5d. S\u00f8rg derfor at finde de helt rigtige elementer og m\u00e6rker, som du st\u00e5r og mangler. Det er bestemt ikke p\u00e5 en b\u00e5d, at man skal sl\u00e6kke p\u00e5 kvaliteten.<\/p>\n\n\n\n<p>Hvis du ikke har mulighed for at bes\u00f8ge Boatlab, vil vi hos Marineudstyr.dk med gl\u00e6de hj\u00e6lpe dig. Hvis du allerede ved, hvilket m\u00e6rke eller model du g\u00e5r efter, kan det ogs\u00e5 nemt blive en hurtig og overskuelig handel for dig.Vi har et stort udvalg inden for b\u00e5dudstyr, og vi vil gerne hj\u00e6lpe dig med at finde frem til det helt rigtige, s\u00e5 du kan nyde hele sommeren p\u00e5 din b\u00e5d.<\/p>\n\n\n\n<h2>F\u00e5 leveret marineudstyr lige til d\u00f8ren i Roskilde<\/h2>\n\n\n\n<p>Hvis du foretr\u00e6kker at k\u00f8be dit b\u00e5dudstyr over nettet, kan du g\u00f8re brug af en online marinewebshop. Med 30 dages fuld returret kan du sagtens bestille dine varer hjem og se, om de opfylder dine krav og forventninger. Hos Marineudstyr.dk sender vi naturligvis ogs\u00e5 alt i b\u00e5dudstyr til Roskilde, hvor du kan f\u00e5 udleveret dine pakker i en GLS Pakkeshop i byen. Klik p\u00e5 knappen &#8220;G\u00e5 til webshop&#8221; eller <a href=\"https:\/\/www.marineudstyr.dk\/\">tryk her<\/a> for at g\u00e5 til forsiden af webshoppen.<\/p>\n","protected":false},"excerpt":{"rendered":"<p>I Roskilde ligger der en flot lystb\u00e5dehavn, der har udvidet sin st\u00f8rrelse gennem \u00e5rene. I 1972 startede man byggeriet, hvor Den Gamle Havn blev bygget. Senere i 1997 lavede man en udvidelse, og i dag har Roskilde Lystb\u00e5dehavn 310 b\u00e5dpladser. Det er mange pladser, men Roskilde Havn befinder sig ogs\u00e5 i et smukt naturomr\u00e5de, der [&hellip;]<\/p>\n","protected":false},"author":4,"featured_media":0,"parent":988,"menu_order":0,"comment_status":"closed","ping_status":"closed","template":"","meta":[],"yoast_head":"<!-- This site is optimized with the Yoast SEO plugin v18.4 - https:\/\/yoast.com\/wordpress\/plugins\/seo\/ -->\n<title>B\u00e5dudstyr i Roskilde \u00bb Find +55 sejler-shops i Marineudstyr Guide<\/title>\n<meta name=\"description\" content=\"Se hvordan du kan k\u00f8be billigt b\u00e5dudstyr i Roskilde. Find kontaktoplysninger til den lokale sejler-shop, eller bestil online og f\u00e5 leveret i morgen.\" \/>\n<meta name=\"robots\" content=\"index, follow, max-snippet:-1, max-image-preview:large, max-video-preview:-1\" \/>\n<link rel=\"canonical\" href=\"https:\/\/www.marineudstyr.dk\/guide\/baadudstyr-sjaelland\/roskilde\/\" \/>\n<meta property=\"og:locale\" content=\"da_DK\" \/>\n<meta property=\"og:type\" content=\"article\" \/>\n<meta property=\"og:title\" content=\"B\u00e5dudstyr i Roskilde \u00bb Find +55 sejler-shops i Marineudstyr Guide\" \/>\n<meta property=\"og:description\" content=\"Se hvordan du kan k\u00f8be billigt b\u00e5dudstyr i Roskilde. Find kontaktoplysninger til den lokale sejler-shop, eller bestil online og f\u00e5 leveret i morgen.\" \/>\n<meta property=\"og:url\" content=\"https:\/\/www.marineudstyr.dk\/guide\/baadudstyr-sjaelland\/roskilde\/\" \/>\n<meta property=\"og:site_name\" content=\"Marineudstyr Guide\" \/>\n<meta property=\"article:modified_time\" content=\"2020-04-29T05:02:24+00:00\" \/>\n<meta name=\"twitter:card\" content=\"summary_large_image\" \/>\n<meta name=\"twitter:label1\" content=\"Estimeret l\u00e6setid\" \/>\n\t<meta name=\"twitter:data1\" content=\"3 minutter\" \/>\n<script type=\"application\/ld+json\" class=\"yoast-schema-graph\">{\"@context\":\"https:\/\/schema.org\",\"@graph\":[{\"@type\":\"WebSite\",\"@id\":\"https:\/\/www.marineudstyr.dk\/guide\/#website\",\"url\":\"https:\/\/www.marineudstyr.dk\/guide\/\",\"name\":\"Marineudstyr Guide\",\"description\":\"Guide - Marineudstyr\",\"potentialAction\":[{\"@type\":\"SearchAction\",\"target\":{\"@type\":\"EntryPoint\",\"urlTemplate\":\"https:\/\/www.marineudstyr.dk\/guide\/?s={search_term_string}\"},\"query-input\":\"required name=search_term_string\"}],\"inLanguage\":\"da-DK\"},{\"@type\":\"WebPage\",\"@id\":\"https:\/\/www.marineudstyr.dk\/guide\/baadudstyr-sjaelland\/roskilde\/#webpage\",\"url\":\"https:\/\/www.marineudstyr.dk\/guide\/baadudstyr-sjaelland\/roskilde\/\",\"name\":\"B\u00e5dudstyr i Roskilde \u00bb Find +55 sejler-shops i Marineudstyr Guide\",\"isPartOf\":{\"@id\":\"https:\/\/www.marineudstyr.dk\/guide\/#website\"},\"datePublished\":\"2020-04-29T05:02:23+00:00\",\"dateModified\":\"2020-04-29T05:02:24+00:00\",\"description\":\"Se hvordan du kan k\u00f8be billigt b\u00e5dudstyr i Roskilde. Find kontaktoplysninger til den lokale sejler-shop, eller bestil online og f\u00e5 leveret i morgen.\",\"breadcrumb\":{\"@id\":\"https:\/\/www.marineudstyr.dk\/guide\/baadudstyr-sjaelland\/roskilde\/#breadcrumb\"},\"inLanguage\":\"da-DK\",\"potentialAction\":[{\"@type\":\"ReadAction\",\"target\":[\"https:\/\/www.marineudstyr.dk\/guide\/baadudstyr-sjaelland\/roskilde\/\"]}]},{\"@type\":\"BreadcrumbList\",\"@id\":\"https:\/\/www.marineudstyr.dk\/guide\/baadudstyr-sjaelland\/roskilde\/#breadcrumb\",\"itemListElement\":[{\"@type\":\"ListItem\",\"position\":1,\"name\":\"Hjem\",\"item\":\"https:\/\/www.marineudstyr.dk\/guide\/forside\/\"},{\"@type\":\"ListItem\",\"position\":2,\"name\":\"B\u00e5dudstyr Sj\u00e6lland\",\"item\":\"https:\/\/www.marineudstyr.dk\/guide\/baadudstyr-sjaelland\/\"},{\"@type\":\"ListItem\",\"position\":3,\"name\":\"Marineudstyr og sejlershops i Roskilde\"}]}]}<\/script>\n<!-- \/ Yoast SEO plugin. -->","yoast_head_json":{"title":"B\u00e5dudstyr i Roskilde \u00bb Find +55 sejler-shops i Marineudstyr Guide","description":"Se hvordan du kan k\u00f8be billigt b\u00e5dudstyr i Roskilde. Find kontaktoplysninger til den lokale sejler-shop, eller bestil online og f\u00e5 leveret i morgen.","robots":{"index":"index","follow":"follow","max-snippet":"max-snippet:-1","max-image-preview":"max-image-preview:large","max-video-preview":"max-video-preview:-1"},"canonical":"https:\/\/www.marineudstyr.dk\/guide\/baadudstyr-sjaelland\/roskilde\/","og_locale":"da_DK","og_type":"article","og_title":"B\u00e5dudstyr i Roskilde \u00bb Find +55 sejler-shops i Marineudstyr Guide","og_description":"Se hvordan du kan k\u00f8be billigt b\u00e5dudstyr i Roskilde. Find kontaktoplysninger til den lokale sejler-shop, eller bestil online og f\u00e5 leveret i morgen.","og_url":"https:\/\/www.marineudstyr.dk\/guide\/baadudstyr-sjaelland\/roskilde\/","og_site_name":"Marineudstyr Guide","article_modified_time":"2020-04-29T05:02:24+00:00","twitter_card":"summary_large_image","twitter_misc":{"Estimeret l\u00e6setid":"3 minutter"},"schema":{"@context":"https:\/\/schema.org","@graph":[{"@type":"WebSite","@id":"https:\/\/www.marineudstyr.dk\/guide\/#website","url":"https:\/\/www.marineudstyr.dk\/guide\/","name":"Marineudstyr Guide","description":"Guide - Marineudstyr","potentialAction":[{"@type":"SearchAction","target":{"@type":"EntryPoint","urlTemplate":"https:\/\/www.marineudstyr.dk\/guide\/?s={search_term_string}"},"query-input":"required name=search_term_string"}],"inLanguage":"da-DK"},{"@type":"WebPage","@id":"https:\/\/www.marineudstyr.dk\/guide\/baadudstyr-sjaelland\/roskilde\/#webpage","url":"https:\/\/www.marineudstyr.dk\/guide\/baadudstyr-sjaelland\/roskilde\/","name":"B\u00e5dudstyr i Roskilde \u00bb Find +55 sejler-shops i Marineudstyr Guide","isPartOf":{"@id":"https:\/\/www.marineudstyr.dk\/guide\/#website"},"datePublished":"2020-04-29T05:02:23+00:00","dateModified":"2020-04-29T05:02:24+00:00","description":"Se hvordan du kan k\u00f8be billigt b\u00e5dudstyr i Roskilde. Find kontaktoplysninger til den lokale sejler-shop, eller bestil online og f\u00e5 leveret i morgen.","breadcrumb":{"@id":"https:\/\/www.marineudstyr.dk\/guide\/baadudstyr-sjaelland\/roskilde\/#breadcrumb"},"inLanguage":"da-DK","potentialAction":[{"@type":"ReadAction","target":["https:\/\/www.marineudstyr.dk\/guide\/baadudstyr-sjaelland\/roskilde\/"]}]},{"@type":"BreadcrumbList","@id":"https:\/\/www.marineudstyr.dk\/guide\/baadudstyr-sjaelland\/roskilde\/#breadcrumb","itemListElement":[{"@type":"ListItem","position":1,"name":"Hjem","item":"https:\/\/www.marineudstyr.dk\/guide\/forside\/"},{"@type":"ListItem","position":2,"name":"B\u00e5dudstyr Sj\u00e6lland","item":"https:\/\/www.marineudstyr.dk\/guide\/baadudstyr-sjaelland\/"},{"@type":"ListItem","position":3,"name":"Marineudstyr og sejlershops i Roskilde"}]}]}},"acf":[],"_links":{"self":[{"href":"https:\/\/www.marineudstyr.dk\/guide\/wp-json\/wp\/v2\/pages\/999"}],"collection":[{"href":"https:\/\/www.marineudstyr.dk\/guide\/wp-json\/wp\/v2\/pages"}],"about":[{"href":"https:\/\/www.marineudstyr.dk\/guide\/wp-json\/wp\/v2\/types\/page"}],"author":[{"embeddable":true,"href":"https:\/\/www.marineudstyr.dk\/guide\/wp-json\/wp\/v2\/users\/4"}],"replies":[{"embeddable":true,"href":"https:\/\/www.marineudstyr.dk\/guide\/wp-json\/wp\/v2\/comments?post=999"}],"version-history":[{"count":1,"href":"https:\/\/www.marineudstyr.dk\/guide\/wp-json\/wp\/v2\/pages\/999\/revisions"}],"predecessor-version":[{"id":1000,"href":"https:\/\/www.marineudstyr.dk\/guide\/wp-json\/wp\/v2\/pages\/999\/revisions\/1000"}],"up":[{"embeddable":true,"href":"https:\/\/www.marineudstyr.dk\/guide\/wp-json\/wp\/v2\/pages\/988"}],"wp:attachment":[{"href":"https:\/\/www.marineudstyr.dk\/guide\/wp-json\/wp\/v2\/media?parent=999"}],"curies":[{"name":"wp","href":"https:\/\/api.w.org\/{rel}","templated":true}]}}