{"id":995,"date":"2020-04-29T05:31:21","date_gmt":"2020-04-29T04:31:21","guid":{"rendered":"https:\/\/www.marineudstyr.dk\/guide\/?page_id=995"},"modified":"2020-04-29T05:31:22","modified_gmt":"2020-04-29T04:31:22","slug":"svendborg","status":"publish","type":"page","link":"https:\/\/www.marineudstyr.dk\/guide\/baadudstyr-fyn\/svendborg\/","title":{"rendered":"Marineudstyr og sejlershops i Svendborg"},"content":{"rendered":"\n<p>P\u00e5 det sydlige Fyn finder vi den sk\u00f8nne havne- og s\u00f8fartsby Svendborg, der i dag huser mere end 27.000 indbyggere. Svendborg er en gammel by og har derfor en masse historiske fort\u00e6llinger og massevis af kulturelle oplevelser at byde p\u00e5. Svendborg rummer sm\u00e5 gader, torve og unikke g\u00e5rdmilj\u00f8er samtidig med, at byen er omringet af vand grundet sin beliggenhed ud til det fynske hav.\u00a0<\/p>\n\n\n\n<p>Svendborg ligger placeret p\u00e5 en bakkeskr\u00e5ning ved Svendborgsund, og Svendborg havn sender hver dag f\u00e6rger mod b\u00e5de \u00c6r\u00f8, Drej\u00f8, Skar\u00f8 og Hjort\u00f8. Byen har altid v\u00e6ret s\u00e6rdeles pr\u00e6get af s\u00f8fart grundet sin titel som havneby, og dette er is\u00e6r p\u00e5 grund af Svendsborgs korte afstand til den vestlige \u00d8sters\u00f8s \u00f8vrige havnebyer.\u00a0<\/p>\n\n\n\n<p>Grundet byens placering er Svendborg ogs\u00e5 hjemsted for mange skibe og rederier. Verdens st\u00f8rste containerrederi, AP M\u00f8ller M\u00e6rsk, blevet stiftet i Svendborg i 1904 under navnet &#8220;Dampskibsselskabet Svendborg A\/S&#8221;. Ogs\u00e5 Maritimt Center Danmark, der blev stiftet tilbage i 1996, ligger placeret ved Honn\u00f8rkajen p\u00e5 Svendborg Havn. Her formidles sejlads gennem gamle tr\u00e6skibe og andre kulturelle aktiviteter, der altid er en oplevelse v\u00e6rd for hele familien.<\/p>\n\n\n\n<p>Foruden Svendborgs havn, der st\u00e5r for f\u00e6rge- og sundfart, finder du ogs\u00e5 Svendborg Lystb\u00e5dehavn. Lystb\u00e5dehavnen ligger placeret en smule l\u00e6ngere mod syd i forhold til f\u00e6rgehavnen og byder p\u00e5 fantastisk udsigt og en rolig placering midt i den smukke by. I dag er det muligt at l\u00e6gge til som g\u00e6stesejler, hvor du f\u00e5r en fuld pakkel\u00f8sning, s\u00e5 du ikke kommer til at mangle noget som helst.&nbsp;<\/p>\n\n\n\n<h3>Svendborg Marine Service&nbsp;<\/h3>\n\n\n\n<p>I Svendborg finder du Svendborg Marine Service, der har alt inden for b\u00e5dudstyr og marineudstyr. Her finder du blandt andet b\u00e5de, motordele og reservedele samt en masse b\u00e5dudstyr, der sp\u00e6nder vidt og bredt. Denne marine-butik har ogs\u00e5 tilknyttet eget v\u00e6rksted og egen servicevogn, s\u00e5 du altid kan f\u00e5 den hj\u00e6lp, du har brug for.<\/p>\n\n\n\n<p>Svendborg Marine Service har mere end 35 \u00e5rs erfaring inden for sejlsport og marineudstyr, og de forhandler en lang r\u00e6kke af de mest popul\u00e6re m\u00e6rker inden for sikkerhed, motorer og elektrisk udstyr.<\/p>\n\n\n\n<p>Butikken har \u00e5bent mandag til torsdag fra 8-16 og om fredagen fra 8-15:30. I weekenden holder de lukket, men du har altid mulighed for at ringe til dem p\u00e5 deres akuttelefon p\u00e5 +45 24 82 77 02, hvis du har brug for hj\u00e6lp.<\/p>\n\n\n\n<p><strong>Svendborg Marine Service<br>Finlandsvej 7B<br>5700 Svendborg<\/strong><br><strong>+45 21 26 20 45<\/strong><\/p>\n\n\n\n<h3>Gnisten Marineshop<\/h3>\n\n\n\n<p>T\u00e6t p\u00e5 Svendborg Lystb\u00e5dehavn finder du Gnisten Marineshop, der prim\u00e6rt forhandler b\u00e5de og motorer. De er specialister inden for b\u00e5dservice, og derfor har de et b\u00e5dv\u00e6rft og v\u00e6rksteder, som du kan benytte. Deres marine-butik ligger ned til vandet, og selvom butikkens st\u00f8rrelse ikke ser ud af meget, finder du her en lang r\u00e6kke produkter.<\/p>\n\n\n\n<p>Butikken holder \u00e5bent i hverdagene mellem 9-17 og om l\u00f8rdagen 9-12. Du finder Gnisten her:<\/p>\n\n\n\n<p><strong>Gnisten Marineshop<br>Hudes Plads 1<br>5700 Svendborg<br>+45 6322 5048<\/strong><\/p>\n\n\n\n<h2>K\u00f8b det hele online&nbsp;<\/h2>\n\n\n\n<p>At finde det rigtige b\u00e5dudstyr er ikke altid lige nemt. Foruden dine muligheder i Svendborg, kan du ogs\u00e5 v\u00e6lge at bestille det hele online. Hos os p\u00e5 <a href=\"https:\/\/www.marineudstyr.dk\">marineudstyr.dk<\/a> tilbyder vi altid et velassorteret og stort udvalg af forskellige former for b\u00e5dudstyr i b\u00e5de stort og sm\u00e5t. Vi sender det altid inden for f\u00e5 dage. <\/p>\n\n\n\n<p>Hvis du allerede har styr p\u00e5, hvilke m\u00e6rker du foretr\u00e6kker, og hvilken st\u00f8rrelse dit marineudstyr skal have, kan det v\u00e6re lige s\u00e5 nemt at finde dit b\u00e5dudstyr hos os. Marineudstyr.dk tilbyder et stort udvalg af b\u00e5dudstyr, hvor du ogs\u00e5 vil kunne finde det, som du mangler til b\u00e5den. Vi afsender alt b\u00e5dudstyr fra et lager udenfor Odense, men det er desv\u00e6rre ikke muligt at afhente p\u00e5 adressen pga. sikkerhed.<\/p>\n\n\n\n<p>Hos Marineudstyr.dk sender vi derfor ogs\u00e5 alt i b\u00e5dudstyr til Svendborg, hvor du kan f\u00e5 udleveret dine pakker i en af mere end 10 forskellige GLS Pakkeshops i byen. Klik p\u00e5 knappen &#8220;G\u00e5 til webshop&#8221; eller <a href=\"https:\/\/www.marineudstyr.dk\/\">tryk her<\/a> for at g\u00e5 til forsiden af webshoppen.<\/p>\n","protected":false},"excerpt":{"rendered":"<p>P\u00e5 det sydlige Fyn finder vi den sk\u00f8nne havne- og s\u00f8fartsby Svendborg, der i dag huser mere end 27.000 indbyggere. Svendborg er en gammel by og har derfor en masse historiske fort\u00e6llinger og massevis af kulturelle oplevelser at byde p\u00e5. Svendborg rummer sm\u00e5 gader, torve og unikke g\u00e5rdmilj\u00f8er samtidig med, at byen er omringet af [&hellip;]<\/p>\n","protected":false},"author":4,"featured_media":0,"parent":986,"menu_order":0,"comment_status":"closed","ping_status":"closed","template":"","meta":[],"yoast_head":"<!-- This site is optimized with the Yoast SEO plugin v18.4 - https:\/\/yoast.com\/wordpress\/plugins\/seo\/ -->\n<title>B\u00e5dudstyr i Svendborg &gt;&gt; Find +55 sejler-shops - Marineudstyr.dk<\/title>\n<meta name=\"description\" content=\"Se hvordan du kan k\u00f8be billigt b\u00e5dudstyr i Svendborg. Find kontaktoplysninger til den lokale sejler-shop, eller bestil online og f\u00e5 leveret i morgen.\" \/>\n<meta name=\"robots\" content=\"index, follow, max-snippet:-1, max-image-preview:large, max-video-preview:-1\" \/>\n<link rel=\"canonical\" href=\"https:\/\/www.marineudstyr.dk\/guide\/baadudstyr-fyn\/svendborg\/\" \/>\n<meta property=\"og:locale\" content=\"da_DK\" \/>\n<meta property=\"og:type\" content=\"article\" \/>\n<meta property=\"og:title\" content=\"B\u00e5dudstyr i Svendborg &gt;&gt; Find +55 sejler-shops - Marineudstyr.dk\" \/>\n<meta property=\"og:description\" content=\"Se hvordan du kan k\u00f8be billigt b\u00e5dudstyr i Svendborg. Find kontaktoplysninger til den lokale sejler-shop, eller bestil online og f\u00e5 leveret i morgen.\" \/>\n<meta property=\"og:url\" content=\"https:\/\/www.marineudstyr.dk\/guide\/baadudstyr-fyn\/svendborg\/\" \/>\n<meta property=\"og:site_name\" content=\"Marineudstyr Guide\" \/>\n<meta property=\"article:modified_time\" content=\"2020-04-29T04:31:22+00:00\" \/>\n<meta name=\"twitter:card\" content=\"summary_large_image\" \/>\n<meta name=\"twitter:label1\" content=\"Estimeret l\u00e6setid\" \/>\n\t<meta name=\"twitter:data1\" content=\"3 minutter\" \/>\n<script type=\"application\/ld+json\" class=\"yoast-schema-graph\">{\"@context\":\"https:\/\/schema.org\",\"@graph\":[{\"@type\":\"WebSite\",\"@id\":\"https:\/\/www.marineudstyr.dk\/guide\/#website\",\"url\":\"https:\/\/www.marineudstyr.dk\/guide\/\",\"name\":\"Marineudstyr Guide\",\"description\":\"Guide - Marineudstyr\",\"potentialAction\":[{\"@type\":\"SearchAction\",\"target\":{\"@type\":\"EntryPoint\",\"urlTemplate\":\"https:\/\/www.marineudstyr.dk\/guide\/?s={search_term_string}\"},\"query-input\":\"required name=search_term_string\"}],\"inLanguage\":\"da-DK\"},{\"@type\":\"WebPage\",\"@id\":\"https:\/\/www.marineudstyr.dk\/guide\/baadudstyr-fyn\/svendborg\/#webpage\",\"url\":\"https:\/\/www.marineudstyr.dk\/guide\/baadudstyr-fyn\/svendborg\/\",\"name\":\"B\u00e5dudstyr i Svendborg >> Find +55 sejler-shops - Marineudstyr.dk\",\"isPartOf\":{\"@id\":\"https:\/\/www.marineudstyr.dk\/guide\/#website\"},\"datePublished\":\"2020-04-29T04:31:21+00:00\",\"dateModified\":\"2020-04-29T04:31:22+00:00\",\"description\":\"Se hvordan du kan k\u00f8be billigt b\u00e5dudstyr i Svendborg. Find kontaktoplysninger til den lokale sejler-shop, eller bestil online og f\u00e5 leveret i morgen.\",\"breadcrumb\":{\"@id\":\"https:\/\/www.marineudstyr.dk\/guide\/baadudstyr-fyn\/svendborg\/#breadcrumb\"},\"inLanguage\":\"da-DK\",\"potentialAction\":[{\"@type\":\"ReadAction\",\"target\":[\"https:\/\/www.marineudstyr.dk\/guide\/baadudstyr-fyn\/svendborg\/\"]}]},{\"@type\":\"BreadcrumbList\",\"@id\":\"https:\/\/www.marineudstyr.dk\/guide\/baadudstyr-fyn\/svendborg\/#breadcrumb\",\"itemListElement\":[{\"@type\":\"ListItem\",\"position\":1,\"name\":\"Hjem\",\"item\":\"https:\/\/www.marineudstyr.dk\/guide\/forside\/\"},{\"@type\":\"ListItem\",\"position\":2,\"name\":\"B\u00e5dudstyr Fyn\",\"item\":\"https:\/\/www.marineudstyr.dk\/guide\/baadudstyr-fyn\/\"},{\"@type\":\"ListItem\",\"position\":3,\"name\":\"Marineudstyr og sejlershops i Svendborg\"}]}]}<\/script>\n<!-- \/ Yoast SEO plugin. -->","yoast_head_json":{"title":"B\u00e5dudstyr i Svendborg >> Find +55 sejler-shops - Marineudstyr.dk","description":"Se hvordan du kan k\u00f8be billigt b\u00e5dudstyr i Svendborg. Find kontaktoplysninger til den lokale sejler-shop, eller bestil online og f\u00e5 leveret i morgen.","robots":{"index":"index","follow":"follow","max-snippet":"max-snippet:-1","max-image-preview":"max-image-preview:large","max-video-preview":"max-video-preview:-1"},"canonical":"https:\/\/www.marineudstyr.dk\/guide\/baadudstyr-fyn\/svendborg\/","og_locale":"da_DK","og_type":"article","og_title":"B\u00e5dudstyr i Svendborg >> Find +55 sejler-shops - Marineudstyr.dk","og_description":"Se hvordan du kan k\u00f8be billigt b\u00e5dudstyr i Svendborg. Find kontaktoplysninger til den lokale sejler-shop, eller bestil online og f\u00e5 leveret i morgen.","og_url":"https:\/\/www.marineudstyr.dk\/guide\/baadudstyr-fyn\/svendborg\/","og_site_name":"Marineudstyr Guide","article_modified_time":"2020-04-29T04:31:22+00:00","twitter_card":"summary_large_image","twitter_misc":{"Estimeret l\u00e6setid":"3 minutter"},"schema":{"@context":"https:\/\/schema.org","@graph":[{"@type":"WebSite","@id":"https:\/\/www.marineudstyr.dk\/guide\/#website","url":"https:\/\/www.marineudstyr.dk\/guide\/","name":"Marineudstyr Guide","description":"Guide - Marineudstyr","potentialAction":[{"@type":"SearchAction","target":{"@type":"EntryPoint","urlTemplate":"https:\/\/www.marineudstyr.dk\/guide\/?s={search_term_string}"},"query-input":"required name=search_term_string"}],"inLanguage":"da-DK"},{"@type":"WebPage","@id":"https:\/\/www.marineudstyr.dk\/guide\/baadudstyr-fyn\/svendborg\/#webpage","url":"https:\/\/www.marineudstyr.dk\/guide\/baadudstyr-fyn\/svendborg\/","name":"B\u00e5dudstyr i Svendborg >> Find +55 sejler-shops - Marineudstyr.dk","isPartOf":{"@id":"https:\/\/www.marineudstyr.dk\/guide\/#website"},"datePublished":"2020-04-29T04:31:21+00:00","dateModified":"2020-04-29T04:31:22+00:00","description":"Se hvordan du kan k\u00f8be billigt b\u00e5dudstyr i Svendborg. Find kontaktoplysninger til den lokale sejler-shop, eller bestil online og f\u00e5 leveret i morgen.","breadcrumb":{"@id":"https:\/\/www.marineudstyr.dk\/guide\/baadudstyr-fyn\/svendborg\/#breadcrumb"},"inLanguage":"da-DK","potentialAction":[{"@type":"ReadAction","target":["https:\/\/www.marineudstyr.dk\/guide\/baadudstyr-fyn\/svendborg\/"]}]},{"@type":"BreadcrumbList","@id":"https:\/\/www.marineudstyr.dk\/guide\/baadudstyr-fyn\/svendborg\/#breadcrumb","itemListElement":[{"@type":"ListItem","position":1,"name":"Hjem","item":"https:\/\/www.marineudstyr.dk\/guide\/forside\/"},{"@type":"ListItem","position":2,"name":"B\u00e5dudstyr Fyn","item":"https:\/\/www.marineudstyr.dk\/guide\/baadudstyr-fyn\/"},{"@type":"ListItem","position":3,"name":"Marineudstyr og sejlershops i Svendborg"}]}]}},"acf":[],"_links":{"self":[{"href":"https:\/\/www.marineudstyr.dk\/guide\/wp-json\/wp\/v2\/pages\/995"}],"collection":[{"href":"https:\/\/www.marineudstyr.dk\/guide\/wp-json\/wp\/v2\/pages"}],"about":[{"href":"https:\/\/www.marineudstyr.dk\/guide\/wp-json\/wp\/v2\/types\/page"}],"author":[{"embeddable":true,"href":"https:\/\/www.marineudstyr.dk\/guide\/wp-json\/wp\/v2\/users\/4"}],"replies":[{"embeddable":true,"href":"https:\/\/www.marineudstyr.dk\/guide\/wp-json\/wp\/v2\/comments?post=995"}],"version-history":[{"count":1,"href":"https:\/\/www.marineudstyr.dk\/guide\/wp-json\/wp\/v2\/pages\/995\/revisions"}],"predecessor-version":[{"id":996,"href":"https:\/\/www.marineudstyr.dk\/guide\/wp-json\/wp\/v2\/pages\/995\/revisions\/996"}],"up":[{"embeddable":true,"href":"https:\/\/www.marineudstyr.dk\/guide\/wp-json\/wp\/v2\/pages\/986"}],"wp:attachment":[{"href":"https:\/\/www.marineudstyr.dk\/guide\/wp-json\/wp\/v2\/media?parent=995"}],"curies":[{"name":"wp","href":"https:\/\/api.w.org\/{rel}","templated":true}]}}