{"id":988,"date":"2020-04-29T04:56:41","date_gmt":"2020-04-29T03:56:41","guid":{"rendered":"https:\/\/www.marineudstyr.dk\/guide\/?page_id=988"},"modified":"2020-06-23T01:37:06","modified_gmt":"2020-06-23T00:37:06","slug":"baadudstyr-sjaelland","status":"publish","type":"page","link":"https:\/\/www.marineudstyr.dk\/guide\/baadudstyr-sjaelland\/","title":{"rendered":"B\u00e5dudstyr Sj\u00e6lland"},"content":{"rendered":"\n<p><strong>Hvis du bor p\u00e5 Sj\u00e6lland, s\u00e5 er du en af de heldige, der aldrig har langt til vandet. P\u00e5 Sj\u00e6lland er sejlads en s\u00e6rdeles popul\u00e6r fritidsbesk\u00e6ftigelse med mange aktive sejlsportsentusiaster.<\/strong><\/p>\n\n\n\n<p>Nogle sejler udelukkende for interessens og hyggens skyld, og det flydende sommerhus giver mulighed for mange oplevelser. Andre bruger mest b\u00e5den til kapsejlads, og finder konkurrencemomentet p\u00e5 s\u00f8en sp\u00e6ndende og inspirerende. F\u00e5 alt at vide om sejlads og hvor du finder b\u00e5dudstyr p\u00e5 Sj\u00e6lland.<\/p>\n\n\n\n<p>De sj\u00e6llandske farvande byder p\u00e5 mange oplevelser for hele\nfamilien. Hvis du er garvet sejler, s\u00e5 kender du sikkert mange af Sj\u00e6llands\npopul\u00e6re destinationer allerede. Hvis du endnu ikke har sejlet farvandet\nomkring Sj\u00e6lland tyndt, eller blot leder efter inspiration til nye havne at\nbes\u00f8ge, s\u00e5 f\u00e5r du her 3 forslag til dejlige steder, du kan s\u00e6tte kursen imod.<\/p>\n\n\n\n<h2>3 turforslag n\u00e5r du sejler ved Sj\u00e6lland<\/h2>\n\n\n\n<p>Sj\u00e6lland har mange lystb\u00e5dehavne, der er et bes\u00f8g v\u00e6rd, og\ndisse 3 forslag skal udelukkende ses som inspiration. Disse destinationer\nfremh\u00e6ves is\u00e6r p\u00e5 grund af de mange muligheder som havnene og den\nomkringliggende egn har. Her kan du b\u00e5de slappe af p\u00e5 b\u00e5den, og du kan tage p\u00e5\nture med familie og venner.<\/p>\n\n\n\n<h3>Karreb\u00e6ksminde havn \u2013 Et idyllisk\nsejlerparadis<\/h3>\n\n\n\n<p>P\u00e5 det sydlige Sj\u00e6lland finder du den lille hyggelige by\nKarreb\u00e6ksminde. Byen ligger lidt sydvest for N\u00e6stved, og der er masser at se p\u00e5\ni omegnen. Det gamle fiskerleje emmer af idyl, og tiltr\u00e6kker hvert \u00e5r mange\nturister \u2013 b\u00e5de fra land og fra vand. <\/p>\n\n\n\n<p>Karreb\u00e6ksminde har i princippet 2 havne, selvom de n\u00e6sten\nligger side om side. Inderhavnen ligger indenfor Karreb\u00e6ksmindebroen, ogs\u00e5\nkaldet \u201dGr\u00e6shoppebroen\u201d, p\u00e5 grund af sin s\u00e6rpr\u00e6gede konstruktion.<\/p>\n\n\n\n<p>Yderhaven ligger lige udenfor broen, og har en smule f\u00e6rre b\u00e5dpladser\nend Inderhavnen. Her er du til geng\u00e6ld ikke afh\u00e6ngig af, om broen er \u00e5ben eller\nlukket, n\u00e5r du skal videre p\u00e5 sejlturen.<\/p>\n\n\n\n<p>P\u00e5 land ligger N\u00e6stved og hele det dejlige Sydsj\u00e6lland og M\u00f8n\ninden for tr\u00e6kkevidde. S\u00e5 har i cyklerne med eller kan leje en bil, er der\nmasser af sp\u00e6ndende steder at bes\u00f8ge i omr\u00e5det.<\/p>\n\n\n\n<h3>Lynetten \u2013 Bes\u00f8g i hovedstaden<\/h3>\n\n\n\n<p>Medmindre du bor i K\u00f8benhavns omr\u00e5det, s\u00e5 skal du\nnaturligvis bes\u00f8ge hovedstaden p\u00e5 en af dine sejlture. S\/K Lynetten p\u00e5\nRefshale\u00f8en er en hyggelig havn med en masse faciliteter. Her finder du bl.a.\nen velassorteret b\u00e5dudstyrsbutik, en legeplads til b\u00f8rnene, en restaurant og\nmeget mere.<\/p>\n\n\n\n<p>P\u00e5 Lynetten er du t\u00e6t p\u00e5 de K\u00f8benhavnske sev\u00e6rdigheder. I l\u00f8bet\naf et \u00f8jeblik kan du v\u00e6re i indre by, hvor du kan nyde godt af de mange caf\u00e9er\nog restauranter, og selvf\u00f8lgelig museer, parker og shopping-muligheder.<\/p>\n\n\n\n<p>N\u00e5r din sightseeing er overst\u00e5et, tager du bussen tilbage\ntil havnen, hvilket b\u00e5de er nemt og bekvemt.<\/p>\n\n\n\n<h3>R\u00f8rvig havn \u2013 P\u00e5 spidsen af Odsherred<\/h3>\n\n\n\n<p>R\u00f8rvig havn ligger i det allernordligste Odsherred. Hvis du\nikke tidligere har sejlet til R\u00f8rvig, s\u00e5 b\u00f8r du bestemt tage denne havn med i\novervejelserne. Hvis du elsker naturen med skov og strand, s\u00e5 er dette helt\nklart omr\u00e5det for dig.<\/p>\n\n\n\n<p>I mods\u00e6tning til Lynetten, der n\u00e6sten ligger midt i den\npulserende storby, ligger R\u00f8rvig havn langt mere afsides. De store\nsommerhusomr\u00e5der omkring R\u00f8rvig og Nyk\u00f8bing Sj\u00e6lland oser af\nsommerferiestemning og afslapning. Her er ingen stress og jag, og alt foreg\u00e5r i\nadstadigt tempo.<\/p>\n\n\n\n<p>N\u00e5r du er i omr\u00e5det, s\u00e5 husk at bes\u00f8ge den idylliske R\u00f8rvig\nKro. Den hyggelige kro fra 1870 har en helt s\u00e6rlig atmosf\u00e6re, og et virkelig\nl\u00e6kkert menukort.<\/p>\n\n\n\n<h2>Hvor k\u00f8ber du b\u00e5dudstyr p\u00e5 Sj\u00e6lland?<\/h2>\n\n\n\n<p>Uanset om du sejler for hyggens eller for konkurrencens\nskyld, s\u00e5 er vedligeholdelse af b\u00e5den en vigtig del af sejlerlivet. Der findes\nmange forhandlere af b\u00e5dudstyr p\u00e5 Sj\u00e6lland med hver deres specialer og\nvareudbud. De enkelte butikkers udvalg sp\u00e6nder fra store marinebutikker med et\nmeget bredt sortiment til mindre sejlershops med et mere specialiseret\nvarelager.<\/p>\n\n\n\n<p>De fleste marinebutikker ligger naturligvis i kystbyerne, og du finder dem helt sikkert i n\u00e6rheden af den lokale lystb\u00e5dehavn eller marina. Her er vores bud p\u00e5 gode sejlershops i nogle af Sj\u00e6llands popul\u00e6re havnebyer. Butikkerne har et bredt udvalg af udstyr og tilbeh\u00f8r til b\u00e5de.<\/p>\n\n\n\n<h3>B\u00e5dudstyr i K\u00f8benhavn<\/h3>\n\n\n\n<p>Vi har allerede v\u00e6ret lidt inde p\u00e5 K\u00f8benhavns havne, som tilbyder alt hvad hjertet kan beg\u00e6re af kulinariske udskejelser, kulturelle oplevelser, og naturligvis et bredt udbud af nogle af landets st\u00f8rste sejlershops og b\u00e5dudstyrsbutikker. I og ved havnene finder du butikker med speciale i elektronik til b\u00e5de, servicering af motorer og meget mere.<\/p>\n\n\n\n<p>>> <a href=\"https:\/\/www.marineudstyr.dk\/guide\/baadudstyr-sjaelland\/koebenhavn\/\">L\u00e6s mere om k\u00f8b af b\u00e5dudstyr i K\u00f8benhavn her<\/a><\/p>\n\n\n\n<h3>B\u00e5dudstyr p\u00e5 Amager<\/h3>\n\n\n\n<p>Selvom Amager ikke er s\u00e6rlig stor, s\u00e5 finder du flere havne p\u00e5 \u00f8en. Amager har altid v\u00e6ret meget popul\u00e6r blandt sejlere, og hvis du f\u00f8rst har v\u00e6ret der, s\u00e5 ved du hvorfor. P\u00e5 Amager er du p\u00e5 landet, men kun ganske f\u00e5 minutter fra storbyen i bus eller taxa. P\u00e5 Amager finder du en del b\u00e5dudstyrsbutikker, og her er alle muligheder for at k\u00f8be nyt og l\u00e6kkert gear.<\/p>\n\n\n\n<p>>> <a href=\"https:\/\/www.marineudstyr.dk\/guide\/baadudstyr-sjaelland\/amager\/\">L\u00e6s mere om k\u00f8b af b\u00e5dudstyr p\u00e5 Amager her<\/a><\/p>\n\n\n\n<h3>B\u00e5dudstyr i Ish\u00f8j<\/h3>\n\n\n\n<p>N\u00e5r du l\u00e6gger til i Ish\u00f8j havn, er der mulighed for at shoppe i flere b\u00e5dudstyrsbutikker i umiddelbar n\u00e6rhed af havnen. P\u00e5 de l\u00e6ngere sejlture er det altid rart, at du nemt kan handle reservedele og andet udstyr til b\u00e5den. Den mulighed kan du nyde godt af i Ish\u00f8j havn, hvor du kan finde det meste af det, du kan komme til at mangle p\u00e5 sejlturen.<\/p>\n\n\n\n<p> >> <a href=\"https:\/\/www.marineudstyr.dk\/guide\/baadudstyr-sjaelland\/ishoej\/\">L\u00e6s mere om k\u00f8b af b\u00e5dudstyr i Ish\u00f8j her <\/a><\/p>\n\n\n\n<h3>B\u00e5dudstyr i Roskilde<\/h3>\n\n\n\n<p>Roskilde lystb\u00e5dehavn er forholdsvis ny, og en stor udvidelse i 1997 f\u00f8rte havnen op til en moderne og meget flot standard. Lystb\u00e5dehavnen ligger ikke langt fra centrum, hvor der er rig mulighed for at proviantere. Du kan k\u00f8be alt det b\u00e5dudstyr, bekl\u00e6dning og vedligeholdelsesgrej du mangler lige i n\u00e6rheden.<\/p>\n\n\n\n<p> >> <a href=\"https:\/\/www.marineudstyr.dk\/guide\/baadudstyr-sjaelland\/roskilde\/\">L\u00e6s mere om k\u00f8b af b\u00e5dudstyr i Roskilde her <\/a><\/p>\n\n\n\n<h3>B\u00e5dudstyr i K\u00f8ge<\/h3>\n\n\n\n<p>K\u00f8ge havn har et superhyggeligt milj\u00f8, og er bl.a. kendt for sine l\u00e6kre spisesteder og gode is. Marinaen h\u00f8rer med sine mange b\u00e5dpladser til en af de st\u00f8rre lystb\u00e5dehavne, og derfor der ogs\u00e5 gode muligheder for at k\u00f8be b\u00e5dudstyr og andet grej. I n\u00e6rheden finder du b\u00e5de specialbutikker og almindelige sejlershops.<\/p>\n\n\n\n<p> >> <a href=\"https:\/\/www.marineudstyr.dk\/guide\/baadudstyr-sjaelland\/koege\/\">L\u00e6s mere om k\u00f8b af b\u00e5dudstyr i K\u00f8ge her <\/a><\/p>\n\n\n\n<h2>K\u00f8b b\u00e5dudstyr online hos Marineudstyr.dk<\/h2>\n\n\n\n<p>Hvis du ikke har lyst til at g\u00e5 rundt i butikken, og lede efter dine varer, s\u00e5 k\u00f8b dit b\u00e5dudstyr online. Hos Marineudstyr.dk kan du finde et bredt udvalg af tilbeh\u00f8r og reservedele til din b\u00e5d og en masse andet l\u00e6kkert b\u00e5dudstyr til markedets bedste priser. Du kan bestille det hele i ro og mag hjemme fra sofaen, helt uden stress og jag i butikken. Vi har superhurtig og sikker levering \u2013 <a href=\"https:\/\/www.marineudstyr.dk\/\">Bestil b\u00e5dudstyr hos Marineudstyr.dk nu<\/a>! <\/p>\n\n\n\n<p><\/p>\n","protected":false},"excerpt":{"rendered":"<p>Hvis du bor p\u00e5 Sj\u00e6lland, s\u00e5 er du en af de heldige, der aldrig har langt til vandet. P\u00e5 Sj\u00e6lland er sejlads en s\u00e6rdeles popul\u00e6r fritidsbesk\u00e6ftigelse med mange aktive sejlsportsentusiaster. Nogle sejler udelukkende for interessens og hyggens skyld, og det flydende sommerhus giver mulighed for mange oplevelser. Andre bruger mest b\u00e5den til kapsejlads, og finder [&hellip;]<\/p>\n","protected":false},"author":4,"featured_media":0,"parent":0,"menu_order":0,"comment_status":"closed","ping_status":"closed","template":"","meta":[],"yoast_head":"<!-- This site is optimized with the Yoast SEO plugin v18.4 - https:\/\/yoast.com\/wordpress\/plugins\/seo\/ -->\n<title>B\u00e5dudstyr p\u00e5 Sj\u00e6lland \u00bb Find +55 sejlershops her!<\/title>\n<meta name=\"description\" content=\"Se hvordan du kan k\u00f8be billigt b\u00e5dudstyr p\u00e5 Sj\u00e6lland. Find kontakt til den lokale sejler-shop, eller bestil online og f\u00e5 leveret i morgen \u00bb\" \/>\n<meta name=\"robots\" content=\"index, follow, max-snippet:-1, max-image-preview:large, max-video-preview:-1\" \/>\n<link rel=\"canonical\" href=\"https:\/\/www.marineudstyr.dk\/guide\/baadudstyr-sjaelland\/\" \/>\n<meta property=\"og:locale\" content=\"da_DK\" \/>\n<meta property=\"og:type\" content=\"article\" \/>\n<meta property=\"og:title\" content=\"B\u00e5dudstyr p\u00e5 Sj\u00e6lland \u00bb Find +55 sejlershops her!\" \/>\n<meta property=\"og:description\" content=\"Se hvordan du kan k\u00f8be billigt b\u00e5dudstyr p\u00e5 Sj\u00e6lland. Find kontakt til den lokale sejler-shop, eller bestil online og f\u00e5 leveret i morgen \u00bb\" \/>\n<meta property=\"og:url\" content=\"https:\/\/www.marineudstyr.dk\/guide\/baadudstyr-sjaelland\/\" \/>\n<meta property=\"og:site_name\" content=\"Marineudstyr Guide\" \/>\n<meta property=\"article:modified_time\" content=\"2020-06-23T00:37:06+00:00\" \/>\n<meta name=\"twitter:card\" content=\"summary_large_image\" \/>\n<meta name=\"twitter:label1\" content=\"Estimeret l\u00e6setid\" \/>\n\t<meta name=\"twitter:data1\" content=\"6 minutter\" \/>\n<script type=\"application\/ld+json\" class=\"yoast-schema-graph\">{\"@context\":\"https:\/\/schema.org\",\"@graph\":[{\"@type\":\"WebSite\",\"@id\":\"https:\/\/www.marineudstyr.dk\/guide\/#website\",\"url\":\"https:\/\/www.marineudstyr.dk\/guide\/\",\"name\":\"Marineudstyr Guide\",\"description\":\"Guide - Marineudstyr\",\"potentialAction\":[{\"@type\":\"SearchAction\",\"target\":{\"@type\":\"EntryPoint\",\"urlTemplate\":\"https:\/\/www.marineudstyr.dk\/guide\/?s={search_term_string}\"},\"query-input\":\"required name=search_term_string\"}],\"inLanguage\":\"da-DK\"},{\"@type\":\"WebPage\",\"@id\":\"https:\/\/www.marineudstyr.dk\/guide\/baadudstyr-sjaelland\/#webpage\",\"url\":\"https:\/\/www.marineudstyr.dk\/guide\/baadudstyr-sjaelland\/\",\"name\":\"B\u00e5dudstyr p\u00e5 Sj\u00e6lland \u00bb Find +55 sejlershops her!\",\"isPartOf\":{\"@id\":\"https:\/\/www.marineudstyr.dk\/guide\/#website\"},\"datePublished\":\"2020-04-29T03:56:41+00:00\",\"dateModified\":\"2020-06-23T00:37:06+00:00\",\"description\":\"Se hvordan du kan k\u00f8be billigt b\u00e5dudstyr p\u00e5 Sj\u00e6lland. Find kontakt til den lokale sejler-shop, eller bestil online og f\u00e5 leveret i morgen \u00bb\",\"breadcrumb\":{\"@id\":\"https:\/\/www.marineudstyr.dk\/guide\/baadudstyr-sjaelland\/#breadcrumb\"},\"inLanguage\":\"da-DK\",\"potentialAction\":[{\"@type\":\"ReadAction\",\"target\":[\"https:\/\/www.marineudstyr.dk\/guide\/baadudstyr-sjaelland\/\"]}]},{\"@type\":\"BreadcrumbList\",\"@id\":\"https:\/\/www.marineudstyr.dk\/guide\/baadudstyr-sjaelland\/#breadcrumb\",\"itemListElement\":[{\"@type\":\"ListItem\",\"position\":1,\"name\":\"Hjem\",\"item\":\"https:\/\/www.marineudstyr.dk\/guide\/forside\/\"},{\"@type\":\"ListItem\",\"position\":2,\"name\":\"B\u00e5dudstyr Sj\u00e6lland\"}]}]}<\/script>\n<!-- \/ Yoast SEO plugin. -->","yoast_head_json":{"title":"B\u00e5dudstyr p\u00e5 Sj\u00e6lland \u00bb Find +55 sejlershops her!","description":"Se hvordan du kan k\u00f8be billigt b\u00e5dudstyr p\u00e5 Sj\u00e6lland. Find kontakt til den lokale sejler-shop, eller bestil online og f\u00e5 leveret i morgen \u00bb","robots":{"index":"index","follow":"follow","max-snippet":"max-snippet:-1","max-image-preview":"max-image-preview:large","max-video-preview":"max-video-preview:-1"},"canonical":"https:\/\/www.marineudstyr.dk\/guide\/baadudstyr-sjaelland\/","og_locale":"da_DK","og_type":"article","og_title":"B\u00e5dudstyr p\u00e5 Sj\u00e6lland \u00bb Find +55 sejlershops her!","og_description":"Se hvordan du kan k\u00f8be billigt b\u00e5dudstyr p\u00e5 Sj\u00e6lland. Find kontakt til den lokale sejler-shop, eller bestil online og f\u00e5 leveret i morgen \u00bb","og_url":"https:\/\/www.marineudstyr.dk\/guide\/baadudstyr-sjaelland\/","og_site_name":"Marineudstyr Guide","article_modified_time":"2020-06-23T00:37:06+00:00","twitter_card":"summary_large_image","twitter_misc":{"Estimeret l\u00e6setid":"6 minutter"},"schema":{"@context":"https:\/\/schema.org","@graph":[{"@type":"WebSite","@id":"https:\/\/www.marineudstyr.dk\/guide\/#website","url":"https:\/\/www.marineudstyr.dk\/guide\/","name":"Marineudstyr Guide","description":"Guide - Marineudstyr","potentialAction":[{"@type":"SearchAction","target":{"@type":"EntryPoint","urlTemplate":"https:\/\/www.marineudstyr.dk\/guide\/?s={search_term_string}"},"query-input":"required name=search_term_string"}],"inLanguage":"da-DK"},{"@type":"WebPage","@id":"https:\/\/www.marineudstyr.dk\/guide\/baadudstyr-sjaelland\/#webpage","url":"https:\/\/www.marineudstyr.dk\/guide\/baadudstyr-sjaelland\/","name":"B\u00e5dudstyr p\u00e5 Sj\u00e6lland \u00bb Find +55 sejlershops her!","isPartOf":{"@id":"https:\/\/www.marineudstyr.dk\/guide\/#website"},"datePublished":"2020-04-29T03:56:41+00:00","dateModified":"2020-06-23T00:37:06+00:00","description":"Se hvordan du kan k\u00f8be billigt b\u00e5dudstyr p\u00e5 Sj\u00e6lland. Find kontakt til den lokale sejler-shop, eller bestil online og f\u00e5 leveret i morgen \u00bb","breadcrumb":{"@id":"https:\/\/www.marineudstyr.dk\/guide\/baadudstyr-sjaelland\/#breadcrumb"},"inLanguage":"da-DK","potentialAction":[{"@type":"ReadAction","target":["https:\/\/www.marineudstyr.dk\/guide\/baadudstyr-sjaelland\/"]}]},{"@type":"BreadcrumbList","@id":"https:\/\/www.marineudstyr.dk\/guide\/baadudstyr-sjaelland\/#breadcrumb","itemListElement":[{"@type":"ListItem","position":1,"name":"Hjem","item":"https:\/\/www.marineudstyr.dk\/guide\/forside\/"},{"@type":"ListItem","position":2,"name":"B\u00e5dudstyr Sj\u00e6lland"}]}]}},"acf":[],"_links":{"self":[{"href":"https:\/\/www.marineudstyr.dk\/guide\/wp-json\/wp\/v2\/pages\/988"}],"collection":[{"href":"https:\/\/www.marineudstyr.dk\/guide\/wp-json\/wp\/v2\/pages"}],"about":[{"href":"https:\/\/www.marineudstyr.dk\/guide\/wp-json\/wp\/v2\/types\/page"}],"author":[{"embeddable":true,"href":"https:\/\/www.marineudstyr.dk\/guide\/wp-json\/wp\/v2\/users\/4"}],"replies":[{"embeddable":true,"href":"https:\/\/www.marineudstyr.dk\/guide\/wp-json\/wp\/v2\/comments?post=988"}],"version-history":[{"count":3,"href":"https:\/\/www.marineudstyr.dk\/guide\/wp-json\/wp\/v2\/pages\/988\/revisions"}],"predecessor-version":[{"id":1115,"href":"https:\/\/www.marineudstyr.dk\/guide\/wp-json\/wp\/v2\/pages\/988\/revisions\/1115"}],"wp:attachment":[{"href":"https:\/\/www.marineudstyr.dk\/guide\/wp-json\/wp\/v2\/media?parent=988"}],"curies":[{"name":"wp","href":"https:\/\/api.w.org\/{rel}","templated":true}]}}