{"id":984,"date":"2020-04-29T04:49:24","date_gmt":"2020-04-29T03:49:24","guid":{"rendered":"https:\/\/www.marineudstyr.dk\/guide\/?page_id=984"},"modified":"2020-04-29T04:49:25","modified_gmt":"2020-04-29T03:49:25","slug":"aalborg","status":"publish","type":"page","link":"https:\/\/www.marineudstyr.dk\/guide\/baadudstyr-jylland\/aalborg\/","title":{"rendered":"Marineudstyr og sejlershops i Aalborg"},"content":{"rendered":"\n<p>Aalborg er den st\u00f8rste by i Region Nordjylland og er i dag ogs\u00e5 kendt som &#8220;Nordens Paris. Byen rummer nemlig et v\u00e6ld af sk\u00f8nne steder og byder p\u00e5 alt fra kunst og kultur til smuk natur og masser af havneomr\u00e5der. I Aalborg bor der omkring 115.000 indbyggere, og det g\u00f8r byen til Danmarks fjerdest\u00f8rste i t\u00e6t konkurrence med <a href=\"https:\/\/www.marineudstyr.dk\/guide\/baadudstyr-fyn\/odense\/\">Odense<\/a>.\u00a0<\/p>\n\n\n\n<p>Aalborg kan dateres mere end 1.000 \u00e5r tilbage. Dengang gik byen under navnet Alabu, og Aalborg Havn fik under middelalderen et kongeligt privilegium som havn. S\u00e6rligt for Aalborg er, at Limfjorden ligger langs byens havnefront og deler N\u00f8rresundby og Aalborg, der i dag er bundet sammen med Limfjordsbroen og den nye cykelbro, der g\u00e5r fra Aalborg Vestby til Lindholm Brygge i N\u00f8rresundby.<\/p>\n\n\n\n<p>Aalborgs havnefront rummer i dag en del med industri samt en plads til de mange krydstogtskibe, der hvert \u00e5r bes\u00f8ger byen. Gennem de seneste 10 \u00e5r har Aalborg Havnefront gennemg\u00e5et en stor renovering, som i dag har resulteret i arkitektoniske v\u00e6rker og byparker langs vandet.<\/p>\n\n\n\n<p>Som sejler er Aalborg det helt rigtige sted at bes\u00f8ge. I Vestbyen finder du Aalborg lystb\u00e5dehavn, der er opdelt i en ny og en gammel del, der ligger i forl\u00e6ngelse af hinanden. Her er der kort afstand ind til byen, og s\u00e5 har du bademuligheder i Friluftsbadet kort derfra. Her er der rig mulighed for vandaktiviteter, og det samme g\u00f8r sig g\u00e6ldende i Aalborg Cablepark, der ligger ved industrihavnen.<\/p>\n\n\n\n<p>Ogs\u00e5 N\u00f8rresundby har en lystb\u00e5dehavn, der er \u00e9n af de mindre af slagsen. Her kan du l\u00e6gge til p\u00e5 den sydlige side, som ogs\u00e5 er kendt som solsiden. Denne lille lystb\u00e5dehavn ligger t\u00e6t p\u00e5 smuk natur og er ideel for dig, der elsker roen omkring dig.&nbsp;<\/p>\n\n\n\n<h3>Nordjysk Marine Service<\/h3>\n\n\n\n<p>I den nyere del af Aalborg Lystb\u00e5dehavn finder du Nordjysk Marine Service, der har alt inden for b\u00e5dudstyr og marineudstyr. Den store marine-butik forhandler b\u00e5de sikkerhedsudstyr, motor- og styringsprodukter, rig, tov og d\u00e6k samt meget andet. Den er beliggende i store, flotte lokaler, og s\u00e5 s\u00f8rger de altid for god vejledning fra det dygtige personale.<\/p>\n\n\n\n<p>Butikken er en del af Aalborg Lystb\u00e5dehavn og er derfor nem at komme til, hvis du l\u00e6gger til kaj her og er p\u00e5 udkig efter b\u00e5dudstyr. Butikken har \u00e5bent i hverdagene fra 10-17.30, l\u00f8rdag samt helligdage fra 10-14 og s\u00f8ndage fra 10-12.\u00a0<\/p>\n\n\n\n<p><strong>Nordjysk Marine Service<\/strong><br><strong>B\u00e5dehavnsvej 15<br>9000 Aalborg<br>+45 98 16 22 06<\/strong><\/p>\n\n\n\n<h2>Andre forhandlere af b\u00e5dudstyr i Aalborg\u00a0<\/h2>\n\n\n\n<p>Foruden Nordjysk Marine Service finder du ogs\u00e5 andre forhandlere i Aalborg, n\u00e5r det kommer til b\u00e5dudstyr og marineudstyr. Her finder du blandt andet Bauhaus og Klarup B\u00e5dcenter, der ligger et stykke uden for byen. S\u00e6rligt for Klarup B\u00e5dcenter er, at de har et v\u00e6rksted til r\u00e5dighed. Samtidig forhandler de stort tilbeh\u00f8r til din b\u00e5d, s\u00e5som trailere og lignende. Klarup er en forstad til Aalborg, der ligger 11 kilometer \u00f8st for Aalborg Centrum. Byen kan nemt n\u00e5s med offentlig transport, og der k\u00f8rer flere busruter til byen.\u00a0<\/p>\n\n\n\n<h3>K\u00f8b dit b\u00e5dudstyr hos Marineudstyr.dk<\/h3>\n\n\n\n<p>Hvis du gerne vil finde alt det gode b\u00e5dudstyr online, kan du altid kigge i vores store sortiment hos Marineudstyr.dk &#8211; vi sender naturligvis ogs\u00e5 alt i b\u00e5dudstyr til Aalborg, hvor du kan f\u00e5 udleveret dine pakker i en af over 25 forskellige GLS Pakkeshops i byen. Klik p\u00e5 knappen &#8220;G\u00e5 til webshop&#8221; eller <a href=\"https:\/\/www.marineudstyr.dk\/\">tryk her<\/a> for at g\u00e5 til forsiden af webshoppen.<\/p>\n","protected":false},"excerpt":{"rendered":"<p>Aalborg er den st\u00f8rste by i Region Nordjylland og er i dag ogs\u00e5 kendt som &#8220;Nordens Paris. Byen rummer nemlig et v\u00e6ld af sk\u00f8nne steder og byder p\u00e5 alt fra kunst og kultur til smuk natur og masser af havneomr\u00e5der. I Aalborg bor der omkring 115.000 indbyggere, og det g\u00f8r byen til Danmarks fjerdest\u00f8rste i [&hellip;]<\/p>\n","protected":false},"author":4,"featured_media":0,"parent":957,"menu_order":0,"comment_status":"closed","ping_status":"closed","template":"","meta":[],"yoast_head":"<!-- This site is optimized with the Yoast SEO plugin v18.4 - https:\/\/yoast.com\/wordpress\/plugins\/seo\/ -->\n<title>B\u00e5dudstyr i Aalborg \u00bb Find +55 sejler-shops i Marineudstyr Guide<\/title>\n<meta name=\"description\" content=\"Se hvordan du kan k\u00f8be billigt b\u00e5dudstyr i Aalborg. Find kontaktoplysninger til den lokale sejler-shop, eller bestil online og f\u00e5 leveret i morgen.\" \/>\n<meta name=\"robots\" content=\"index, follow, max-snippet:-1, max-image-preview:large, max-video-preview:-1\" \/>\n<link rel=\"canonical\" href=\"https:\/\/www.marineudstyr.dk\/guide\/baadudstyr-jylland\/aalborg\/\" \/>\n<meta property=\"og:locale\" content=\"da_DK\" \/>\n<meta property=\"og:type\" content=\"article\" \/>\n<meta property=\"og:title\" content=\"B\u00e5dudstyr i Aalborg \u00bb Find +55 sejler-shops i Marineudstyr Guide\" \/>\n<meta property=\"og:description\" content=\"Se hvordan du kan k\u00f8be billigt b\u00e5dudstyr i Aalborg. Find kontaktoplysninger til den lokale sejler-shop, eller bestil online og f\u00e5 leveret i morgen.\" \/>\n<meta property=\"og:url\" content=\"https:\/\/www.marineudstyr.dk\/guide\/baadudstyr-jylland\/aalborg\/\" \/>\n<meta property=\"og:site_name\" content=\"Marineudstyr Guide\" \/>\n<meta property=\"article:modified_time\" content=\"2020-04-29T03:49:25+00:00\" \/>\n<meta name=\"twitter:card\" content=\"summary_large_image\" \/>\n<meta name=\"twitter:label1\" content=\"Estimeret l\u00e6setid\" \/>\n\t<meta name=\"twitter:data1\" content=\"3 minutter\" \/>\n<script type=\"application\/ld+json\" class=\"yoast-schema-graph\">{\"@context\":\"https:\/\/schema.org\",\"@graph\":[{\"@type\":\"WebSite\",\"@id\":\"https:\/\/www.marineudstyr.dk\/guide\/#website\",\"url\":\"https:\/\/www.marineudstyr.dk\/guide\/\",\"name\":\"Marineudstyr Guide\",\"description\":\"Guide - Marineudstyr\",\"potentialAction\":[{\"@type\":\"SearchAction\",\"target\":{\"@type\":\"EntryPoint\",\"urlTemplate\":\"https:\/\/www.marineudstyr.dk\/guide\/?s={search_term_string}\"},\"query-input\":\"required name=search_term_string\"}],\"inLanguage\":\"da-DK\"},{\"@type\":\"WebPage\",\"@id\":\"https:\/\/www.marineudstyr.dk\/guide\/baadudstyr-jylland\/aalborg\/#webpage\",\"url\":\"https:\/\/www.marineudstyr.dk\/guide\/baadudstyr-jylland\/aalborg\/\",\"name\":\"B\u00e5dudstyr i Aalborg \u00bb Find +55 sejler-shops i Marineudstyr Guide\",\"isPartOf\":{\"@id\":\"https:\/\/www.marineudstyr.dk\/guide\/#website\"},\"datePublished\":\"2020-04-29T03:49:24+00:00\",\"dateModified\":\"2020-04-29T03:49:25+00:00\",\"description\":\"Se hvordan du kan k\u00f8be billigt b\u00e5dudstyr i Aalborg. Find kontaktoplysninger til den lokale sejler-shop, eller bestil online og f\u00e5 leveret i morgen.\",\"breadcrumb\":{\"@id\":\"https:\/\/www.marineudstyr.dk\/guide\/baadudstyr-jylland\/aalborg\/#breadcrumb\"},\"inLanguage\":\"da-DK\",\"potentialAction\":[{\"@type\":\"ReadAction\",\"target\":[\"https:\/\/www.marineudstyr.dk\/guide\/baadudstyr-jylland\/aalborg\/\"]}]},{\"@type\":\"BreadcrumbList\",\"@id\":\"https:\/\/www.marineudstyr.dk\/guide\/baadudstyr-jylland\/aalborg\/#breadcrumb\",\"itemListElement\":[{\"@type\":\"ListItem\",\"position\":1,\"name\":\"Hjem\",\"item\":\"https:\/\/www.marineudstyr.dk\/guide\/forside\/\"},{\"@type\":\"ListItem\",\"position\":2,\"name\":\"B\u00e5dudstyr Jylland\",\"item\":\"https:\/\/www.marineudstyr.dk\/guide\/baadudstyr-jylland\/\"},{\"@type\":\"ListItem\",\"position\":3,\"name\":\"Marineudstyr og sejlershops i Aalborg\"}]}]}<\/script>\n<!-- \/ Yoast SEO plugin. -->","yoast_head_json":{"title":"B\u00e5dudstyr i Aalborg \u00bb Find +55 sejler-shops i Marineudstyr Guide","description":"Se hvordan du kan k\u00f8be billigt b\u00e5dudstyr i Aalborg. Find kontaktoplysninger til den lokale sejler-shop, eller bestil online og f\u00e5 leveret i morgen.","robots":{"index":"index","follow":"follow","max-snippet":"max-snippet:-1","max-image-preview":"max-image-preview:large","max-video-preview":"max-video-preview:-1"},"canonical":"https:\/\/www.marineudstyr.dk\/guide\/baadudstyr-jylland\/aalborg\/","og_locale":"da_DK","og_type":"article","og_title":"B\u00e5dudstyr i Aalborg \u00bb Find +55 sejler-shops i Marineudstyr Guide","og_description":"Se hvordan du kan k\u00f8be billigt b\u00e5dudstyr i Aalborg. Find kontaktoplysninger til den lokale sejler-shop, eller bestil online og f\u00e5 leveret i morgen.","og_url":"https:\/\/www.marineudstyr.dk\/guide\/baadudstyr-jylland\/aalborg\/","og_site_name":"Marineudstyr Guide","article_modified_time":"2020-04-29T03:49:25+00:00","twitter_card":"summary_large_image","twitter_misc":{"Estimeret l\u00e6setid":"3 minutter"},"schema":{"@context":"https:\/\/schema.org","@graph":[{"@type":"WebSite","@id":"https:\/\/www.marineudstyr.dk\/guide\/#website","url":"https:\/\/www.marineudstyr.dk\/guide\/","name":"Marineudstyr Guide","description":"Guide - Marineudstyr","potentialAction":[{"@type":"SearchAction","target":{"@type":"EntryPoint","urlTemplate":"https:\/\/www.marineudstyr.dk\/guide\/?s={search_term_string}"},"query-input":"required name=search_term_string"}],"inLanguage":"da-DK"},{"@type":"WebPage","@id":"https:\/\/www.marineudstyr.dk\/guide\/baadudstyr-jylland\/aalborg\/#webpage","url":"https:\/\/www.marineudstyr.dk\/guide\/baadudstyr-jylland\/aalborg\/","name":"B\u00e5dudstyr i Aalborg \u00bb Find +55 sejler-shops i Marineudstyr Guide","isPartOf":{"@id":"https:\/\/www.marineudstyr.dk\/guide\/#website"},"datePublished":"2020-04-29T03:49:24+00:00","dateModified":"2020-04-29T03:49:25+00:00","description":"Se hvordan du kan k\u00f8be billigt b\u00e5dudstyr i Aalborg. Find kontaktoplysninger til den lokale sejler-shop, eller bestil online og f\u00e5 leveret i morgen.","breadcrumb":{"@id":"https:\/\/www.marineudstyr.dk\/guide\/baadudstyr-jylland\/aalborg\/#breadcrumb"},"inLanguage":"da-DK","potentialAction":[{"@type":"ReadAction","target":["https:\/\/www.marineudstyr.dk\/guide\/baadudstyr-jylland\/aalborg\/"]}]},{"@type":"BreadcrumbList","@id":"https:\/\/www.marineudstyr.dk\/guide\/baadudstyr-jylland\/aalborg\/#breadcrumb","itemListElement":[{"@type":"ListItem","position":1,"name":"Hjem","item":"https:\/\/www.marineudstyr.dk\/guide\/forside\/"},{"@type":"ListItem","position":2,"name":"B\u00e5dudstyr Jylland","item":"https:\/\/www.marineudstyr.dk\/guide\/baadudstyr-jylland\/"},{"@type":"ListItem","position":3,"name":"Marineudstyr og sejlershops i Aalborg"}]}]}},"acf":[],"_links":{"self":[{"href":"https:\/\/www.marineudstyr.dk\/guide\/wp-json\/wp\/v2\/pages\/984"}],"collection":[{"href":"https:\/\/www.marineudstyr.dk\/guide\/wp-json\/wp\/v2\/pages"}],"about":[{"href":"https:\/\/www.marineudstyr.dk\/guide\/wp-json\/wp\/v2\/types\/page"}],"author":[{"embeddable":true,"href":"https:\/\/www.marineudstyr.dk\/guide\/wp-json\/wp\/v2\/users\/4"}],"replies":[{"embeddable":true,"href":"https:\/\/www.marineudstyr.dk\/guide\/wp-json\/wp\/v2\/comments?post=984"}],"version-history":[{"count":1,"href":"https:\/\/www.marineudstyr.dk\/guide\/wp-json\/wp\/v2\/pages\/984\/revisions"}],"predecessor-version":[{"id":985,"href":"https:\/\/www.marineudstyr.dk\/guide\/wp-json\/wp\/v2\/pages\/984\/revisions\/985"}],"up":[{"embeddable":true,"href":"https:\/\/www.marineudstyr.dk\/guide\/wp-json\/wp\/v2\/pages\/957"}],"wp:attachment":[{"href":"https:\/\/www.marineudstyr.dk\/guide\/wp-json\/wp\/v2\/media?parent=984"}],"curies":[{"name":"wp","href":"https:\/\/api.w.org\/{rel}","templated":true}]}}