{"id":982,"date":"2020-04-29T04:30:22","date_gmt":"2020-04-29T03:30:22","guid":{"rendered":"https:\/\/www.marineudstyr.dk\/guide\/?page_id=982"},"modified":"2020-04-29T04:30:23","modified_gmt":"2020-04-29T03:30:23","slug":"egaa","status":"publish","type":"page","link":"https:\/\/www.marineudstyr.dk\/guide\/baadudstyr-jylland\/egaa\/","title":{"rendered":"Marineudstyr og sejlershops i Egaa"},"content":{"rendered":"\n<p>Aarhus er den st\u00f8rste by i Jylland og sniger sig ind p\u00e5 andenpladsen, n\u00e5r det kommer til Danmarks st\u00f8rste byer. Bev\u00e6ger vi os blot otte kilometer nord\u00f8st fra den sk\u00f8nne by og dens centrum, ender vi et Eg\u00e5, der er en bydel i Aarhus med en fantastisk beliggenhed. Eg\u00e5 ligger blandt smuk natur og er kendt for den store Eg\u00e5 Engs\u00f8, som m\u00e5ler over 10 kilometer hele vejen rundt.<\/p>\n\n\n\n<p>Eg\u00e5 huser i dag i omegnen af 10.000 indbyggere og kan dateres tilbage til middelalderen. Eg\u00e5 bestod tilbage i 1680\u2019erne blot af 18 g\u00e5rde, hvor landbruget var byens levebr\u00f8d. I dag ser tingene helt anderledes ud, og Eg\u00e5 er i dag det dyreste boligkvarter i Jylland.<\/p>\n\n\n\n<p>Eg\u00e5 er s\u00e6rligt kendt for sine bade- og surfingfaciliteter. Centralt ved kysten finder vi ogs\u00e5 Eg\u00e5 Marina, der er en moderne lystb\u00e5dehavn, hvor der er plads til b\u00e5de vinterbadning, g\u00e6stesejlere og pladshavere. Lystb\u00e5dehavnen har et utrolig h\u00f8jt serviceniveau, hvor der er massevis af familievenlige faciliteter og ikke mindst gode badestrande.<\/p>\n\n\n\n<p>Marinaen er ogs\u00e5 hjemsted for blandt andet Eg\u00e5 sejlklub, der har en optimist- og jolleafdeling. Du finder ogs\u00e5 her en sejlerskole samt Eg\u00e5 Rosport. Og s\u00e5 er der indk\u00f8bsmuligheder, restauranter og en iskiosk inden for g\u00e5afstand.&nbsp;<\/p>\n\n\n\n<h3>AFI Marine Egaa<\/h3>\n\n\n\n<p>Ved Marinaen finder du selvf\u00f8lgelig en marine-butik, der har alt inden for b\u00e5dudstyr. AFI Marine har eksisteret siden 2007 og er opst\u00e5et som resultatet af en fusion mellem AFI Marine og Marselis B\u00e5dudstyr. I mange \u00e5r har AFI Marine h\u00f8rt til i Aarhus Havn, men er senere rykket til Eg\u00e5.<\/p>\n\n\n\n<p>I dag st\u00e5r Torben Holm for den daglige drift, og hos ham er du garanteret ekspertviden i s\u00e6rdeles topklasse. Torben har mange \u00e5rs erfaring inden for sejlsport og b\u00e5dudstyr, og derfor kan du altid kigge forbi marine-butikken og f\u00e5 et godt r\u00e5d med p\u00e5 vejen. Hvad end du er p\u00e5 udkig efter <a href=\"https:\/\/www.marineudstyr.dk\/rig-og-daeksudstyr\/\">d\u00e6k<\/a>, <a href=\"https:\/\/www.marineudstyr.dk\/sikkerhedsudstyr\/\">sikkerhedsudstyr<\/a> eller <a href=\"https:\/\/www.marineudstyr.dk\/diverse-udstyr\/\">sm\u00e5t til b\u00e5den<\/a>, kan AFI Marine hj\u00e6lpe dig godt p\u00e5 vej.<\/p>\n\n\n\n<p>Derudover best\u00e5r AFI Marine ogs\u00e5 af et riggerv\u00e6rksted og et motorv\u00e6rksted, som ogs\u00e5 ligger placeret t\u00e6t ved Eg\u00e5 Marina. Butikken holder \u00e5bent p\u00e5 hverdage fra 9-17 og l\u00f8rdage fra 9-13.\u00a0<\/p>\n\n\n\n<p><strong>AFI Marine A\/S<\/strong><br><strong>Stavneagervej 13<\/strong><br><strong>8250 Eg\u00e5<\/strong><br><strong>+45 86 12 43 66<\/strong><\/p>\n\n\n\n<h3>Netbaad ApS<\/h3>\n\n\n\n<p>Foruden AFI Marine, finder du ogs\u00e5 Netbaad ApS, der ligger p\u00e5 Eg\u00e5 Havvej 25, der ligeledes er t\u00e6t p\u00e5 Eg\u00e5 Marina. Butikken er en del af den popul\u00e6re Marine ProShop-k\u00e6de, og derfor har de mulighed for at f\u00e5 fat i b\u00e5dudstyr og marineudstyr til alle typer af b\u00e5de. Har du brug for nogle s\u00e6rlige produkter, kan de i Netbaad ApS inden for f\u00e5 dage f\u00e5 fat i de reservedele eller produkter, du mangler.<\/p>\n\n\n\n<p>Netbaad ApS g\u00f8r brug af Danmarks f\u00f8rende leverand\u00f8r inden for b\u00e5dudstyr, og det sikrer netop butikkens mulighed for hurtigt at f\u00e5 fat i det, du eftersp\u00f8rger.\u00a0<\/p>\n\n\n\n<p><strong>Netbaad.com<br>Eg\u00e5 Havvej 25<br>8250 Eg\u00e5<br>+45 86 22 43 93<\/strong><\/p>\n\n\n\n<h3>Aarhus SeaShop i Egaa<\/h3>\n\n\n\n<p>I Egaas industrikvarter finder man ogs\u00e5 Aarhus SeaShop, som er specialiseret i s\u00e6rligt sejlerbekl\u00e6dning og desuden har et stort udvalg af joller og b\u00e5dudstyr generelt. Her forhandles en r\u00e6kke sp\u00e6ndende m\u00e6rker som fx. Magic Marine, Brunotti, Musto, Dubarry, Key West, Baltic, Henri Lloyd m.fl.Daglig leder af Aarhus Sea Shop er Allan Borch Madsen, der med mange \u00e5rs sejlererfaring i vid udstr\u00e6kning har pr\u00f8vet kr\u00e6fter med de danske vind- og vejrforhold, og derfor ved pr\u00e6cis, hvad der skal til for at du som sejler f\u00e5r en t\u00f8r, varm og komfortabel oplevelse p\u00e5 vandet.<\/p>\n\n\n\n<p><strong>Aarhus SeaShop<br>G\u00e5seagervej 14<br>8250 Egaa<br>Telefon +45 86 78 61 11<\/strong><\/p>\n\n\n\n<p>Du kan ogs\u00e5 altid g\u00e5 p\u00e5 udkig i det store, online sortiment p\u00e5 marineudstyr.dk. Vi har mange \u00e5rs ekspertise inden for faget, og derfor sikrer vi dig et opdateret og stort varesortiment, der sp\u00e6nder vidt og bredt. Hos Marineudstyr.dk sender vi naturligvis ogs\u00e5 alt i b\u00e5dudstyr til b\u00e5de Egaa og resten af Aarhusomr\u00e5det, hvor du kan f\u00e5 udleveret dine pakker i en af over 50 forskellige GLS Pakkeshops. Klik p\u00e5 knappen &#8220;G\u00e5 til webshop&#8221; eller <a href=\"https:\/\/www.marineudstyr.dk\/\">tryk her<\/a> for at g\u00e5 til forsiden af webshoppen.<\/p>\n","protected":false},"excerpt":{"rendered":"<p>Aarhus er den st\u00f8rste by i Jylland og sniger sig ind p\u00e5 andenpladsen, n\u00e5r det kommer til Danmarks st\u00f8rste byer. Bev\u00e6ger vi os blot otte kilometer nord\u00f8st fra den sk\u00f8nne by og dens centrum, ender vi et Eg\u00e5, der er en bydel i Aarhus med en fantastisk beliggenhed. Eg\u00e5 ligger blandt smuk natur og er [&hellip;]<\/p>\n","protected":false},"author":4,"featured_media":0,"parent":957,"menu_order":0,"comment_status":"closed","ping_status":"closed","template":"","meta":[],"yoast_head":"<!-- This site is optimized with the Yoast SEO plugin v18.4 - https:\/\/yoast.com\/wordpress\/plugins\/seo\/ -->\n<title>B\u00e5dudstyr i Egaa \u00bb Find +55 sejler-shops i Marineudstyr Guide<\/title>\n<meta name=\"description\" content=\"Se hvordan du kan k\u00f8be billigt b\u00e5dudstyr i Egaa. Find kontaktoplysninger til den lokale sejler-shop, eller bestil online og f\u00e5 leveret i morgen.\" \/>\n<meta name=\"robots\" content=\"index, follow, max-snippet:-1, max-image-preview:large, max-video-preview:-1\" \/>\n<link rel=\"canonical\" href=\"https:\/\/www.marineudstyr.dk\/guide\/baadudstyr-jylland\/egaa\/\" \/>\n<meta property=\"og:locale\" content=\"da_DK\" \/>\n<meta property=\"og:type\" content=\"article\" \/>\n<meta property=\"og:title\" content=\"B\u00e5dudstyr i Egaa \u00bb Find +55 sejler-shops i Marineudstyr Guide\" \/>\n<meta property=\"og:description\" content=\"Se hvordan du kan k\u00f8be billigt b\u00e5dudstyr i Egaa. Find kontaktoplysninger til den lokale sejler-shop, eller bestil online og f\u00e5 leveret i morgen.\" \/>\n<meta property=\"og:url\" content=\"https:\/\/www.marineudstyr.dk\/guide\/baadudstyr-jylland\/egaa\/\" \/>\n<meta property=\"og:site_name\" content=\"Marineudstyr Guide\" \/>\n<meta property=\"article:modified_time\" content=\"2020-04-29T03:30:23+00:00\" \/>\n<meta name=\"twitter:card\" content=\"summary_large_image\" \/>\n<meta name=\"twitter:label1\" content=\"Estimeret l\u00e6setid\" \/>\n\t<meta name=\"twitter:data1\" content=\"4 minutter\" \/>\n<script type=\"application\/ld+json\" class=\"yoast-schema-graph\">{\"@context\":\"https:\/\/schema.org\",\"@graph\":[{\"@type\":\"WebSite\",\"@id\":\"https:\/\/www.marineudstyr.dk\/guide\/#website\",\"url\":\"https:\/\/www.marineudstyr.dk\/guide\/\",\"name\":\"Marineudstyr Guide\",\"description\":\"Guide - Marineudstyr\",\"potentialAction\":[{\"@type\":\"SearchAction\",\"target\":{\"@type\":\"EntryPoint\",\"urlTemplate\":\"https:\/\/www.marineudstyr.dk\/guide\/?s={search_term_string}\"},\"query-input\":\"required name=search_term_string\"}],\"inLanguage\":\"da-DK\"},{\"@type\":\"WebPage\",\"@id\":\"https:\/\/www.marineudstyr.dk\/guide\/baadudstyr-jylland\/egaa\/#webpage\",\"url\":\"https:\/\/www.marineudstyr.dk\/guide\/baadudstyr-jylland\/egaa\/\",\"name\":\"B\u00e5dudstyr i Egaa \u00bb Find +55 sejler-shops i Marineudstyr Guide\",\"isPartOf\":{\"@id\":\"https:\/\/www.marineudstyr.dk\/guide\/#website\"},\"datePublished\":\"2020-04-29T03:30:22+00:00\",\"dateModified\":\"2020-04-29T03:30:23+00:00\",\"description\":\"Se hvordan du kan k\u00f8be billigt b\u00e5dudstyr i Egaa. Find kontaktoplysninger til den lokale sejler-shop, eller bestil online og f\u00e5 leveret i morgen.\",\"breadcrumb\":{\"@id\":\"https:\/\/www.marineudstyr.dk\/guide\/baadudstyr-jylland\/egaa\/#breadcrumb\"},\"inLanguage\":\"da-DK\",\"potentialAction\":[{\"@type\":\"ReadAction\",\"target\":[\"https:\/\/www.marineudstyr.dk\/guide\/baadudstyr-jylland\/egaa\/\"]}]},{\"@type\":\"BreadcrumbList\",\"@id\":\"https:\/\/www.marineudstyr.dk\/guide\/baadudstyr-jylland\/egaa\/#breadcrumb\",\"itemListElement\":[{\"@type\":\"ListItem\",\"position\":1,\"name\":\"Hjem\",\"item\":\"https:\/\/www.marineudstyr.dk\/guide\/forside\/\"},{\"@type\":\"ListItem\",\"position\":2,\"name\":\"B\u00e5dudstyr Jylland\",\"item\":\"https:\/\/www.marineudstyr.dk\/guide\/baadudstyr-jylland\/\"},{\"@type\":\"ListItem\",\"position\":3,\"name\":\"Marineudstyr og sejlershops i Egaa\"}]}]}<\/script>\n<!-- \/ Yoast SEO plugin. -->","yoast_head_json":{"title":"B\u00e5dudstyr i Egaa \u00bb Find +55 sejler-shops i Marineudstyr Guide","description":"Se hvordan du kan k\u00f8be billigt b\u00e5dudstyr i Egaa. Find kontaktoplysninger til den lokale sejler-shop, eller bestil online og f\u00e5 leveret i morgen.","robots":{"index":"index","follow":"follow","max-snippet":"max-snippet:-1","max-image-preview":"max-image-preview:large","max-video-preview":"max-video-preview:-1"},"canonical":"https:\/\/www.marineudstyr.dk\/guide\/baadudstyr-jylland\/egaa\/","og_locale":"da_DK","og_type":"article","og_title":"B\u00e5dudstyr i Egaa \u00bb Find +55 sejler-shops i Marineudstyr Guide","og_description":"Se hvordan du kan k\u00f8be billigt b\u00e5dudstyr i Egaa. Find kontaktoplysninger til den lokale sejler-shop, eller bestil online og f\u00e5 leveret i morgen.","og_url":"https:\/\/www.marineudstyr.dk\/guide\/baadudstyr-jylland\/egaa\/","og_site_name":"Marineudstyr Guide","article_modified_time":"2020-04-29T03:30:23+00:00","twitter_card":"summary_large_image","twitter_misc":{"Estimeret l\u00e6setid":"4 minutter"},"schema":{"@context":"https:\/\/schema.org","@graph":[{"@type":"WebSite","@id":"https:\/\/www.marineudstyr.dk\/guide\/#website","url":"https:\/\/www.marineudstyr.dk\/guide\/","name":"Marineudstyr Guide","description":"Guide - Marineudstyr","potentialAction":[{"@type":"SearchAction","target":{"@type":"EntryPoint","urlTemplate":"https:\/\/www.marineudstyr.dk\/guide\/?s={search_term_string}"},"query-input":"required name=search_term_string"}],"inLanguage":"da-DK"},{"@type":"WebPage","@id":"https:\/\/www.marineudstyr.dk\/guide\/baadudstyr-jylland\/egaa\/#webpage","url":"https:\/\/www.marineudstyr.dk\/guide\/baadudstyr-jylland\/egaa\/","name":"B\u00e5dudstyr i Egaa \u00bb Find +55 sejler-shops i Marineudstyr Guide","isPartOf":{"@id":"https:\/\/www.marineudstyr.dk\/guide\/#website"},"datePublished":"2020-04-29T03:30:22+00:00","dateModified":"2020-04-29T03:30:23+00:00","description":"Se hvordan du kan k\u00f8be billigt b\u00e5dudstyr i Egaa. Find kontaktoplysninger til den lokale sejler-shop, eller bestil online og f\u00e5 leveret i morgen.","breadcrumb":{"@id":"https:\/\/www.marineudstyr.dk\/guide\/baadudstyr-jylland\/egaa\/#breadcrumb"},"inLanguage":"da-DK","potentialAction":[{"@type":"ReadAction","target":["https:\/\/www.marineudstyr.dk\/guide\/baadudstyr-jylland\/egaa\/"]}]},{"@type":"BreadcrumbList","@id":"https:\/\/www.marineudstyr.dk\/guide\/baadudstyr-jylland\/egaa\/#breadcrumb","itemListElement":[{"@type":"ListItem","position":1,"name":"Hjem","item":"https:\/\/www.marineudstyr.dk\/guide\/forside\/"},{"@type":"ListItem","position":2,"name":"B\u00e5dudstyr Jylland","item":"https:\/\/www.marineudstyr.dk\/guide\/baadudstyr-jylland\/"},{"@type":"ListItem","position":3,"name":"Marineudstyr og sejlershops i Egaa"}]}]}},"acf":[],"_links":{"self":[{"href":"https:\/\/www.marineudstyr.dk\/guide\/wp-json\/wp\/v2\/pages\/982"}],"collection":[{"href":"https:\/\/www.marineudstyr.dk\/guide\/wp-json\/wp\/v2\/pages"}],"about":[{"href":"https:\/\/www.marineudstyr.dk\/guide\/wp-json\/wp\/v2\/types\/page"}],"author":[{"embeddable":true,"href":"https:\/\/www.marineudstyr.dk\/guide\/wp-json\/wp\/v2\/users\/4"}],"replies":[{"embeddable":true,"href":"https:\/\/www.marineudstyr.dk\/guide\/wp-json\/wp\/v2\/comments?post=982"}],"version-history":[{"count":1,"href":"https:\/\/www.marineudstyr.dk\/guide\/wp-json\/wp\/v2\/pages\/982\/revisions"}],"predecessor-version":[{"id":983,"href":"https:\/\/www.marineudstyr.dk\/guide\/wp-json\/wp\/v2\/pages\/982\/revisions\/983"}],"up":[{"embeddable":true,"href":"https:\/\/www.marineudstyr.dk\/guide\/wp-json\/wp\/v2\/pages\/957"}],"wp:attachment":[{"href":"https:\/\/www.marineudstyr.dk\/guide\/wp-json\/wp\/v2\/media?parent=982"}],"curies":[{"name":"wp","href":"https:\/\/api.w.org\/{rel}","templated":true}]}}