{"id":975,"date":"2020-04-28T02:35:39","date_gmt":"2020-04-28T01:35:39","guid":{"rendered":"https:\/\/www.marineudstyr.dk\/guide\/?page_id=975"},"modified":"2020-04-28T02:35:40","modified_gmt":"2020-04-28T01:35:40","slug":"kolding","status":"publish","type":"page","link":"https:\/\/www.marineudstyr.dk\/guide\/baadudstyr-jylland\/kolding\/","title":{"rendered":"Marineudstyr og sejlershops i Kolding"},"content":{"rendered":"\n<p><strong>Kolding er en sk\u00f8n, dansk fjordby i Sydjylland, der i dag huser mere end 60.000 indbyggere. Det planter Kolding solidt p\u00e5 listen over Danmarks st\u00f8rste byer, hvor man indtager en syvendeplads. Samtidig er byen n\u00f8glepunktet for Kolding Kommune, der er en del af Region Syddanmark.<\/strong><\/p>\n\n\n\n<p>Kolding har v\u00e6ret et folkek\u00e6rt eje i mange \u00e5r, og sandsynligvis er byen opst\u00e5et tilbage i sidste halvdel af 1100-tallet. I en middelalder med b\u00e5de krig og pest var Kolding en folkefattig by, men heldigvis blev 1800-tallet starten p\u00e5 fremgang for byen. I dag er Kolding en vigtig handels- og erhvervsby i Trekantsomr\u00e5det, hvor byens placering er ideel for mange mennesker.\u00a0<\/p>\n\n\n\n<p>N\u00e5r vi byder velkommen til Kolding, kan du ikke undg\u00e5 at m\u00f8de den smukke natur og et unikt landskab, der er formet i slutningen af den seneste istid. Dette har skabt tunneldale, fjord og s\u00f8er, for ikke at glemme Kolding \u00e5. Men kolding har selvf\u00f8lgelig ogs\u00e5 Kolding Havn samt Kolding Lystb\u00e5dehavn. Havnen er en moderne erhvervshavn og er blandt Danmarks 10 st\u00f8rste havne med sine 2,5 kilometer lange kajanl\u00e6g.<\/p>\n\n\n\n<p>Kolding Lystb\u00e5dehavn er det rette sted for dig, der gerne vil bes\u00f8ge byen til vands. Lystb\u00e5dehavnen ligger sydligt placeret i byen, hvor der er kort afstand ind til bylivet. N\u00e5r du sejler gennem Kolding Fjord, rammer du den smukke lystb\u00e5dehavn, der emmer af god stemning. Det er muligt at sejle op langs \u00e5en i en gummib\u00e5d og komme direkte ind til centrum af Kolding. Kommer du fra bunden af fjorden, kan du v\u00e6lge mellem Sydhavnen eller Nordhavnen, som begge to er en del af den samlede lystb\u00e5dehavn.<\/p>\n\n\n\n<h2>Kolding Marinecenter<\/h2>\n\n\n\n<p>Kolding s\u00f8rger selvf\u00f8lgelig for, at du kan v\u00e6re veludstyret, n\u00e5r du l\u00e6gger til i Kolding Havn eller Kolding Lystb\u00e5dehavn. Du finder nemlig Kolding Marinecenter, der tilbyder et v\u00e6ld af muligheder inden for b\u00e5dudstyr og marineudstyr. Denne marine-butik rummer alt fra <a href=\"https:\/\/www.marineudstyr.dk\/sikkerhedsudstyr\/\">sikkerhedsudstyr<\/a> og <a href=\"https:\/\/www.marineudstyr.dk\/motor-og-styring\/\">motordele<\/a> til<a href=\"https:\/\/www.marineudstyr.dk\/diverse-udstyr\/\"> diverse dele til b\u00e5den<\/a>.\u00a0<\/p>\n\n\n\n<p>Kolding Marinecenter ligger placeret cirka 2,5 kilometer fra Lystb\u00e5dehavnen og endnu t\u00e6ttere p\u00e5 Kolding Havn, der ligger centralt i byen. Virksomheden har eksisteret i mere end 25 \u00e5r og har for nyligt valgt at flytte til en ny adresse, hvor der er plads til al b\u00e5dudstyr og marineudstyr. I dag er de Jyllands st\u00f8rste b\u00e5dudstyrsforretning, og butikken i Kolding m\u00e5ler mere end 1.300 kvadratmeter, der er sp\u00e6kket med kvalitetsudstyr.<\/p>\n\n\n\n<p><strong>Kolding Marinecenter\u00a0<\/strong><br><strong>Fynsvej 113<\/strong><br><strong>6000 Kolding<\/strong><br><strong>+45 75 53 02 00<\/strong><\/p>\n\n\n\n<h2>Dansk Marineudstyr ApS<\/h2>\n\n\n\n<p>Du finder ogs\u00e5 en anden stor marine-butik med b\u00e5dudstyr i Kolding. Dansk Marineudstyr har over 30 \u00e5rs erfaring i branchen, og det g\u00e6lder is\u00e6r inden for instrumenter og installering af disse. Derudover har de eget v\u00e6rksted, hvor du finder yderst gode priser. Det giver dig mulighed for at f\u00e5 dit nye b\u00e5dudstyr installeret, s\u00e5 du kan blive klar til endnu en s\u00e6son p\u00e5 vandet.<\/p>\n\n\n\n<p><strong>Dansk Marineudstyr<br>Industrivej 1<br>6000 Kolding<br>+45 7552 7533<\/strong><\/p>\n\n\n\n<p>I Kolding finder man ogs\u00e5 Palby Marine, som er Danmarks st\u00f8rste grossist af maritimt udstyr og reservedele. Palby Marine forhandler alle typer af b\u00e5dudstyr, som de s\u00e6lger til mange forskellige butikker landet over. Palby Marine har hoveds\u00e6de i Kolding, og derfor finder du ogs\u00e5 deres produkter rundt omkring i de forskellige marine-butikker i Kolding.<\/p>\n\n\n\n<h2>K\u00f8b dit b\u00e5dudstyr online\u00a0&#8211; ogs\u00e5 n\u00e5r du bor i Kolding<\/h2>\n\n\n\n<p>N\u00e5r s\u00e6sonen g\u00e5r igang, er det godt at v\u00e6re forberedt og have styr p\u00e5 alt b\u00e5dudstyr. Derfor kan du altid finde et stort sortiment hos os, og du kan k\u00f8be det hele online. Vi s\u00e6lger b\u00e5de til private og erhverv, og s\u00e5 s\u00f8rger vi for at levere det til dig inden for f\u00e5 hverdage. Du kan tage et kig p\u00e5 det hele <a href=\"https:\/\/www.marineudstyr.dk\">lige her<\/a>.<\/p>\n","protected":false},"excerpt":{"rendered":"<p>Kolding er en sk\u00f8n, dansk fjordby i Sydjylland, der i dag huser mere end 60.000 indbyggere. Det planter Kolding solidt p\u00e5 listen over Danmarks st\u00f8rste byer, hvor man indtager en syvendeplads. Samtidig er byen n\u00f8glepunktet for Kolding Kommune, der er en del af Region Syddanmark. Kolding har v\u00e6ret et folkek\u00e6rt eje i mange \u00e5r, og [&hellip;]<\/p>\n","protected":false},"author":4,"featured_media":0,"parent":957,"menu_order":0,"comment_status":"closed","ping_status":"closed","template":"","meta":[],"yoast_head":"<!-- This site is optimized with the Yoast SEO plugin v18.4 - https:\/\/yoast.com\/wordpress\/plugins\/seo\/ -->\n<title>B\u00e5dudstyr i Kolding \u00bb Find +55 sejler-shops i Marineudstyr Guide<\/title>\n<meta name=\"description\" content=\"Se hvordan du kan k\u00f8be billigt b\u00e5dudstyr i Kolding. Find kontaktoplysninger til den lokale sejler-shop, eller bestil online og f\u00e5 leveret i morgen.\" \/>\n<meta name=\"robots\" content=\"index, follow, max-snippet:-1, max-image-preview:large, max-video-preview:-1\" \/>\n<link rel=\"canonical\" href=\"https:\/\/www.marineudstyr.dk\/guide\/baadudstyr-jylland\/kolding\/\" \/>\n<meta property=\"og:locale\" content=\"da_DK\" \/>\n<meta property=\"og:type\" content=\"article\" \/>\n<meta property=\"og:title\" content=\"B\u00e5dudstyr i Kolding \u00bb Find +55 sejler-shops i Marineudstyr Guide\" \/>\n<meta property=\"og:description\" content=\"Se hvordan du kan k\u00f8be billigt b\u00e5dudstyr i Kolding. Find kontaktoplysninger til den lokale sejler-shop, eller bestil online og f\u00e5 leveret i morgen.\" \/>\n<meta property=\"og:url\" content=\"https:\/\/www.marineudstyr.dk\/guide\/baadudstyr-jylland\/kolding\/\" \/>\n<meta property=\"og:site_name\" content=\"Marineudstyr Guide\" \/>\n<meta property=\"article:modified_time\" content=\"2020-04-28T01:35:40+00:00\" \/>\n<meta name=\"twitter:card\" content=\"summary_large_image\" \/>\n<meta name=\"twitter:label1\" content=\"Estimeret l\u00e6setid\" \/>\n\t<meta name=\"twitter:data1\" content=\"3 minutter\" \/>\n<script type=\"application\/ld+json\" class=\"yoast-schema-graph\">{\"@context\":\"https:\/\/schema.org\",\"@graph\":[{\"@type\":\"WebSite\",\"@id\":\"https:\/\/www.marineudstyr.dk\/guide\/#website\",\"url\":\"https:\/\/www.marineudstyr.dk\/guide\/\",\"name\":\"Marineudstyr Guide\",\"description\":\"Guide - Marineudstyr\",\"potentialAction\":[{\"@type\":\"SearchAction\",\"target\":{\"@type\":\"EntryPoint\",\"urlTemplate\":\"https:\/\/www.marineudstyr.dk\/guide\/?s={search_term_string}\"},\"query-input\":\"required name=search_term_string\"}],\"inLanguage\":\"da-DK\"},{\"@type\":\"WebPage\",\"@id\":\"https:\/\/www.marineudstyr.dk\/guide\/baadudstyr-jylland\/kolding\/#webpage\",\"url\":\"https:\/\/www.marineudstyr.dk\/guide\/baadudstyr-jylland\/kolding\/\",\"name\":\"B\u00e5dudstyr i Kolding \u00bb Find +55 sejler-shops i Marineudstyr Guide\",\"isPartOf\":{\"@id\":\"https:\/\/www.marineudstyr.dk\/guide\/#website\"},\"datePublished\":\"2020-04-28T01:35:39+00:00\",\"dateModified\":\"2020-04-28T01:35:40+00:00\",\"description\":\"Se hvordan du kan k\u00f8be billigt b\u00e5dudstyr i Kolding. Find kontaktoplysninger til den lokale sejler-shop, eller bestil online og f\u00e5 leveret i morgen.\",\"breadcrumb\":{\"@id\":\"https:\/\/www.marineudstyr.dk\/guide\/baadudstyr-jylland\/kolding\/#breadcrumb\"},\"inLanguage\":\"da-DK\",\"potentialAction\":[{\"@type\":\"ReadAction\",\"target\":[\"https:\/\/www.marineudstyr.dk\/guide\/baadudstyr-jylland\/kolding\/\"]}]},{\"@type\":\"BreadcrumbList\",\"@id\":\"https:\/\/www.marineudstyr.dk\/guide\/baadudstyr-jylland\/kolding\/#breadcrumb\",\"itemListElement\":[{\"@type\":\"ListItem\",\"position\":1,\"name\":\"Hjem\",\"item\":\"https:\/\/www.marineudstyr.dk\/guide\/forside\/\"},{\"@type\":\"ListItem\",\"position\":2,\"name\":\"B\u00e5dudstyr Jylland\",\"item\":\"https:\/\/www.marineudstyr.dk\/guide\/baadudstyr-jylland\/\"},{\"@type\":\"ListItem\",\"position\":3,\"name\":\"Marineudstyr og sejlershops i Kolding\"}]}]}<\/script>\n<!-- \/ Yoast SEO plugin. -->","yoast_head_json":{"title":"B\u00e5dudstyr i Kolding \u00bb Find +55 sejler-shops i Marineudstyr Guide","description":"Se hvordan du kan k\u00f8be billigt b\u00e5dudstyr i Kolding. Find kontaktoplysninger til den lokale sejler-shop, eller bestil online og f\u00e5 leveret i morgen.","robots":{"index":"index","follow":"follow","max-snippet":"max-snippet:-1","max-image-preview":"max-image-preview:large","max-video-preview":"max-video-preview:-1"},"canonical":"https:\/\/www.marineudstyr.dk\/guide\/baadudstyr-jylland\/kolding\/","og_locale":"da_DK","og_type":"article","og_title":"B\u00e5dudstyr i Kolding \u00bb Find +55 sejler-shops i Marineudstyr Guide","og_description":"Se hvordan du kan k\u00f8be billigt b\u00e5dudstyr i Kolding. Find kontaktoplysninger til den lokale sejler-shop, eller bestil online og f\u00e5 leveret i morgen.","og_url":"https:\/\/www.marineudstyr.dk\/guide\/baadudstyr-jylland\/kolding\/","og_site_name":"Marineudstyr Guide","article_modified_time":"2020-04-28T01:35:40+00:00","twitter_card":"summary_large_image","twitter_misc":{"Estimeret l\u00e6setid":"3 minutter"},"schema":{"@context":"https:\/\/schema.org","@graph":[{"@type":"WebSite","@id":"https:\/\/www.marineudstyr.dk\/guide\/#website","url":"https:\/\/www.marineudstyr.dk\/guide\/","name":"Marineudstyr Guide","description":"Guide - Marineudstyr","potentialAction":[{"@type":"SearchAction","target":{"@type":"EntryPoint","urlTemplate":"https:\/\/www.marineudstyr.dk\/guide\/?s={search_term_string}"},"query-input":"required name=search_term_string"}],"inLanguage":"da-DK"},{"@type":"WebPage","@id":"https:\/\/www.marineudstyr.dk\/guide\/baadudstyr-jylland\/kolding\/#webpage","url":"https:\/\/www.marineudstyr.dk\/guide\/baadudstyr-jylland\/kolding\/","name":"B\u00e5dudstyr i Kolding \u00bb Find +55 sejler-shops i Marineudstyr Guide","isPartOf":{"@id":"https:\/\/www.marineudstyr.dk\/guide\/#website"},"datePublished":"2020-04-28T01:35:39+00:00","dateModified":"2020-04-28T01:35:40+00:00","description":"Se hvordan du kan k\u00f8be billigt b\u00e5dudstyr i Kolding. Find kontaktoplysninger til den lokale sejler-shop, eller bestil online og f\u00e5 leveret i morgen.","breadcrumb":{"@id":"https:\/\/www.marineudstyr.dk\/guide\/baadudstyr-jylland\/kolding\/#breadcrumb"},"inLanguage":"da-DK","potentialAction":[{"@type":"ReadAction","target":["https:\/\/www.marineudstyr.dk\/guide\/baadudstyr-jylland\/kolding\/"]}]},{"@type":"BreadcrumbList","@id":"https:\/\/www.marineudstyr.dk\/guide\/baadudstyr-jylland\/kolding\/#breadcrumb","itemListElement":[{"@type":"ListItem","position":1,"name":"Hjem","item":"https:\/\/www.marineudstyr.dk\/guide\/forside\/"},{"@type":"ListItem","position":2,"name":"B\u00e5dudstyr Jylland","item":"https:\/\/www.marineudstyr.dk\/guide\/baadudstyr-jylland\/"},{"@type":"ListItem","position":3,"name":"Marineudstyr og sejlershops i Kolding"}]}]}},"acf":[],"_links":{"self":[{"href":"https:\/\/www.marineudstyr.dk\/guide\/wp-json\/wp\/v2\/pages\/975"}],"collection":[{"href":"https:\/\/www.marineudstyr.dk\/guide\/wp-json\/wp\/v2\/pages"}],"about":[{"href":"https:\/\/www.marineudstyr.dk\/guide\/wp-json\/wp\/v2\/types\/page"}],"author":[{"embeddable":true,"href":"https:\/\/www.marineudstyr.dk\/guide\/wp-json\/wp\/v2\/users\/4"}],"replies":[{"embeddable":true,"href":"https:\/\/www.marineudstyr.dk\/guide\/wp-json\/wp\/v2\/comments?post=975"}],"version-history":[{"count":1,"href":"https:\/\/www.marineudstyr.dk\/guide\/wp-json\/wp\/v2\/pages\/975\/revisions"}],"predecessor-version":[{"id":976,"href":"https:\/\/www.marineudstyr.dk\/guide\/wp-json\/wp\/v2\/pages\/975\/revisions\/976"}],"up":[{"embeddable":true,"href":"https:\/\/www.marineudstyr.dk\/guide\/wp-json\/wp\/v2\/pages\/957"}],"wp:attachment":[{"href":"https:\/\/www.marineudstyr.dk\/guide\/wp-json\/wp\/v2\/media?parent=975"}],"curies":[{"name":"wp","href":"https:\/\/api.w.org\/{rel}","templated":true}]}}