{"id":969,"date":"2020-04-20T02:54:17","date_gmt":"2020-04-20T01:54:17","guid":{"rendered":"https:\/\/www.marineudstyr.dk\/guide\/?page_id=969"},"modified":"2020-09-04T12:54:33","modified_gmt":"2020-09-04T11:54:33","slug":"frederikshavn","status":"publish","type":"page","link":"https:\/\/www.marineudstyr.dk\/guide\/baadudstyr-jylland\/frederikshavn\/","title":{"rendered":"Marineudstyr og sejlershops i Frederikshavn"},"content":{"rendered":"\r\n<p><strong>Frederikshavn har alle dage v\u00e6ret et maritimt knudepunkt. Allerede i stenalderen var der megen b\u00e5dtrafik omkring den nordjyske by, og byen har spillet en central rolle i den dansk-norske handel.<\/strong><\/p>\r\n\r\n\r\n\r\n<p>I slutningen af 1800-tallet blev en af Danmarks st\u00f8rste havne bygget i Frederikshavn. I dag arbejder man p\u00e5 anden etape af en st\u00f8rre udvidelse af havnen, som blandt andet resulterer i 400 ekstra meter kaj \u2013 foruden de 600 meter kaj, der blev bygget i forbindelse med f\u00f8rste etape af havneudvidelsen, som p\u00e5begyndtes i 2015.<\/p>\r\n\r\n\r\n\r\n<p>Den store industrihavn i Frederikshavn er byens rygs\u00f8jle og kan takkes for en stor del af den v\u00e6kst, der ses i Frederikshavn Kommune. Havnen besk\u00e6ftiger mere end 5.500 medarbejdere, og mere end 100 private virksomheder holder til p\u00e5 havneomr\u00e5det. Arbejdsomr\u00e5derne omfatter blandt andet shipping og f\u00e6rgetransport, men ogs\u00e5 flere skoler og banker holder til p\u00e5 havneomr\u00e5det.<\/p>\r\n\r\n\r\n\r\n<p><strong>De forskellige havne i Frederikshavn <\/strong><br \/>Foruden industrihavnen findes der en lang r\u00e6kke andre mindre havne i omr\u00e5det i og omkring Frederikshavn. Blandt andet kan vi n\u00e6vne R\u00f8nnerhavnen og Frederikshavn Marina. R\u00f8nnerhavnen ligger i den nordlige del af Frederikshavn og har et af Nordjyllands bedste sl\u00e6besteder med en rampe, der g\u00e5r hele fire meter ud fra kanten af kajen. R\u00f8nnerhavnen ligger ideelt placeret i forhold til at dykke ned i alverdens maritime aktiviteter s\u00e5som windsurfing, fiskeri og dykning, og s\u00e5 ligger den lige ved en af de mest b\u00f8rnevenlige sandstrande, Kattegat har at byde p\u00e5.<\/p>\r\n\r\n\r\n\r\n<p>Frederikshavn Marina ligger modsat R\u00f8nnerhavnen i den sydlige del af Frederikshavn. Denne lystb\u00e5dehavn huser Frederikshavn Sejlklub, som blev dannet i 1887. Klubben har opfostret flere b\u00e5de Danmarks- og verdensmestre igennem tiden og er et samlingspunkt for sejlsportsinteressenter fra n\u00e6r og fjern. Allerede i 1884 blev den f\u00f8rste kapsejlads afholdt i Frederikshavn, og i dag bliver der fortsat afholdt talrige kapsejladser i den nordjyske by.<\/p>\r\n\r\n\r\n\r\n<h2>Motor og B\u00e5dcentret Frederikshavn<\/h2>\r\n\r\n\r\n\r\n<p>Cirka midt imellem industrihavnen og R\u00f8nnerhavnen finder du Motor og B\u00e5dcentret Frederikshavn \u2013 naturligvis placeret ud til vandet.\u00a0Motor og B\u00e5dcentret Frederikshavn er Nordjyllands st\u00f8rste b\u00e5dcenter og har eget v\u00e6rksted. Du har alts\u00e5 mulighed for at f\u00e5 klaret diverse reparationer eller forbedringer p\u00e5 b\u00e5den, imens du ligger til i Frederikshavn. Er du interesseret i at k\u00f8be ny b\u00e5d, er dette ogs\u00e5 et oplagt sted at s\u00f8ge hen.\u00a0<\/p>\r\n\r\n\r\n\r\n<p>Foruden et stort udvalg af b\u00e5de forhandler Motor og B\u00e5dcentret Frederikshavn b\u00e5dudstyr i alverdens afskygninger. Du finder blandt andet p\u00e5h\u00e6ngsmotorer fra brands som Mercury, Quicksilver og Bayliner. Alt andet inden for marineudstyr kan de ogs\u00e5 klare, hvad end det er <a href=\"https:\/\/www.marineudstyr.dk\/sikkerhedsudstyr\/\">sikkerhedsudstyr<\/a>, <a href=\"https:\/\/www.marineudstyr.dk\/tovvaerk\/\">tovv\u00e6rk<\/a> eller <a href=\"https:\/\/www.marineudstyr.dk\/eludstyr-og-belysning\/\">elektrisk udstyr<\/a>, du er p\u00e5 udkig efter.\u00a0Motor og B\u00e5dcentret Frederikshavn blev grundlagt i 1960 og er siden da blevet udvidet af flere omgange for at kunne f\u00f8lge med den store eftersp\u00f8rgsel inden for marineudstyr. Forretningen drives af den tredje generation af Bjerregaard-familien, og enhver s\u00f8ulk vil elske at g\u00e5 p\u00e5 opdagelse i den store udstyrsbutik, hvor man kan finde alt til sejladsen.<\/p>\r\n\r\n\r\n\r\n<p><strong>Adressen er:<\/strong> <br \/>Motor og B\u00e5dcentret frh. a\/s<br \/>Sindallundvej 4<br \/>9900 Frederikshavn<br \/>+45 98 42 23 93<\/p>\r\n\r\n\r\n\r\n<h2>MarineXperten Frederikshavn<\/h2>\r\n\r\n\r\n\r\n<p>Med en lang og stolt maritim historie er det kun naturligt, at der findes et solidt udvalg af sejlershops i Frederikshavn. Blandt andet finder du MarineXperten beliggende umiddelbart ud til hovedvej 35. MarineXperten gik tidligere under navnet fiskekortet.dk og er i dag en del af k\u00e6den MarineProshop.\u00a0Hos sejlershoppen MarineXperten er der fokus p\u00e5 r\u00e5dgivning og montering af elektronik, men du finder i butikken et bredt udvalg af ogs\u00e5 andre former for marineudstyr.<\/p>\r\n\r\n\r\n\r\n<p><strong>Adressen er:<\/strong><br \/>H.C.\u00d8rstedsvej 9,<br \/>9900 Frederikshavn<br \/>+45 40 74 31 20<\/p>\r\n\r\n\r\n\r\n<p>Foruden Motor og B\u00e5dcentret og MarineXperten, finder du i Frederikshavn ogs\u00e5 butikker som Jagt og Fiskeri, Land og Fritid samt Eventyrsport. Her finder du alverdens former for udstyr til outdoorlivet \u2013 herunder livet p\u00e5 b\u00e5den. Mangler du sm\u00e5ting til b\u00e5den, kan du ogs\u00e5 v\u00e6re heldig at finde dem hos Harald Nyborg eller thansen, som ligeledes har butikker i Frederikshavn.<\/p>\r\n\r\n\r\n\r\n<h3>K\u00f8b dit marineudstyr online her p\u00e5 siden<\/h3>\r\n\r\n\r\n\r\n<p>Er du interesseret i at k\u00f8be b\u00e5dustyr, kan du naturligvis v\u00e6lge at k\u00f8be det hos marineudstyr.dk, som er din online marinebutik. Vi sender med GLS og sender selvf\u00f8lgelig ogs\u00e5 gerne til Frederikshavn, hvor du for eksempel kan v\u00e6lge at afhente din pakke i en af de mange pakkeshops.\u00a0Du finder vores webshop <a href=\"https:\/\/www.marineudstyr.dk\/\">her<\/a>.<\/p>\r\n","protected":false},"excerpt":{"rendered":"<p>Frederikshavn har alle dage v\u00e6ret et maritimt knudepunkt. Allerede i stenalderen var der megen b\u00e5dtrafik omkring den nordjyske by, og byen har spillet en central rolle i den dansk-norske handel. I slutningen af 1800-tallet blev en af Danmarks st\u00f8rste havne bygget i Frederikshavn. I dag arbejder man p\u00e5 anden etape af en st\u00f8rre udvidelse af [&hellip;]<\/p>\n","protected":false},"author":4,"featured_media":0,"parent":957,"menu_order":0,"comment_status":"closed","ping_status":"closed","template":"","meta":[],"yoast_head":"<!-- This site is optimized with the Yoast SEO plugin v18.4 - https:\/\/yoast.com\/wordpress\/plugins\/seo\/ -->\n<title>B\u00e5dudstyr i Frederikshavn \u00bb +55 sejler-shops: Marineudstyr.dk<\/title>\n<meta name=\"description\" content=\"Se hvordan du kan k\u00f8be billigt b\u00e5dudstyr i Frederikshavn. Find kontaktoplysninger til den lokale sejler-shop, eller bestil online og f\u00e5 leveret i morgen.\" \/>\n<meta name=\"robots\" content=\"index, follow, max-snippet:-1, max-image-preview:large, max-video-preview:-1\" \/>\n<link rel=\"canonical\" href=\"https:\/\/www.marineudstyr.dk\/guide\/baadudstyr-jylland\/frederikshavn\/\" \/>\n<meta property=\"og:locale\" content=\"da_DK\" \/>\n<meta property=\"og:type\" content=\"article\" \/>\n<meta property=\"og:title\" content=\"B\u00e5dudstyr i Frederikshavn \u00bb +55 sejler-shops: Marineudstyr.dk\" \/>\n<meta property=\"og:description\" content=\"Se hvordan du kan k\u00f8be billigt b\u00e5dudstyr i Frederikshavn. Find kontaktoplysninger til den lokale sejler-shop, eller bestil online og f\u00e5 leveret i morgen.\" \/>\n<meta property=\"og:url\" content=\"https:\/\/www.marineudstyr.dk\/guide\/baadudstyr-jylland\/frederikshavn\/\" \/>\n<meta property=\"og:site_name\" content=\"Marineudstyr Guide\" \/>\n<meta property=\"article:modified_time\" content=\"2020-09-04T11:54:33+00:00\" \/>\n<meta name=\"twitter:card\" content=\"summary_large_image\" \/>\n<meta name=\"twitter:label1\" content=\"Estimeret l\u00e6setid\" \/>\n\t<meta name=\"twitter:data1\" content=\"4 minutter\" \/>\n<script type=\"application\/ld+json\" class=\"yoast-schema-graph\">{\"@context\":\"https:\/\/schema.org\",\"@graph\":[{\"@type\":\"WebSite\",\"@id\":\"https:\/\/www.marineudstyr.dk\/guide\/#website\",\"url\":\"https:\/\/www.marineudstyr.dk\/guide\/\",\"name\":\"Marineudstyr Guide\",\"description\":\"Guide - Marineudstyr\",\"potentialAction\":[{\"@type\":\"SearchAction\",\"target\":{\"@type\":\"EntryPoint\",\"urlTemplate\":\"https:\/\/www.marineudstyr.dk\/guide\/?s={search_term_string}\"},\"query-input\":\"required name=search_term_string\"}],\"inLanguage\":\"da-DK\"},{\"@type\":\"WebPage\",\"@id\":\"https:\/\/www.marineudstyr.dk\/guide\/baadudstyr-jylland\/frederikshavn\/#webpage\",\"url\":\"https:\/\/www.marineudstyr.dk\/guide\/baadudstyr-jylland\/frederikshavn\/\",\"name\":\"B\u00e5dudstyr i Frederikshavn \u00bb +55 sejler-shops: Marineudstyr.dk\",\"isPartOf\":{\"@id\":\"https:\/\/www.marineudstyr.dk\/guide\/#website\"},\"datePublished\":\"2020-04-20T01:54:17+00:00\",\"dateModified\":\"2020-09-04T11:54:33+00:00\",\"description\":\"Se hvordan du kan k\u00f8be billigt b\u00e5dudstyr i Frederikshavn. Find kontaktoplysninger til den lokale sejler-shop, eller bestil online og f\u00e5 leveret i morgen.\",\"breadcrumb\":{\"@id\":\"https:\/\/www.marineudstyr.dk\/guide\/baadudstyr-jylland\/frederikshavn\/#breadcrumb\"},\"inLanguage\":\"da-DK\",\"potentialAction\":[{\"@type\":\"ReadAction\",\"target\":[\"https:\/\/www.marineudstyr.dk\/guide\/baadudstyr-jylland\/frederikshavn\/\"]}]},{\"@type\":\"BreadcrumbList\",\"@id\":\"https:\/\/www.marineudstyr.dk\/guide\/baadudstyr-jylland\/frederikshavn\/#breadcrumb\",\"itemListElement\":[{\"@type\":\"ListItem\",\"position\":1,\"name\":\"Hjem\",\"item\":\"https:\/\/www.marineudstyr.dk\/guide\/forside\/\"},{\"@type\":\"ListItem\",\"position\":2,\"name\":\"B\u00e5dudstyr Jylland\",\"item\":\"https:\/\/www.marineudstyr.dk\/guide\/baadudstyr-jylland\/\"},{\"@type\":\"ListItem\",\"position\":3,\"name\":\"Marineudstyr og sejlershops i Frederikshavn\"}]}]}<\/script>\n<!-- \/ Yoast SEO plugin. -->","yoast_head_json":{"title":"B\u00e5dudstyr i Frederikshavn \u00bb +55 sejler-shops: Marineudstyr.dk","description":"Se hvordan du kan k\u00f8be billigt b\u00e5dudstyr i Frederikshavn. Find kontaktoplysninger til den lokale sejler-shop, eller bestil online og f\u00e5 leveret i morgen.","robots":{"index":"index","follow":"follow","max-snippet":"max-snippet:-1","max-image-preview":"max-image-preview:large","max-video-preview":"max-video-preview:-1"},"canonical":"https:\/\/www.marineudstyr.dk\/guide\/baadudstyr-jylland\/frederikshavn\/","og_locale":"da_DK","og_type":"article","og_title":"B\u00e5dudstyr i Frederikshavn \u00bb +55 sejler-shops: Marineudstyr.dk","og_description":"Se hvordan du kan k\u00f8be billigt b\u00e5dudstyr i Frederikshavn. Find kontaktoplysninger til den lokale sejler-shop, eller bestil online og f\u00e5 leveret i morgen.","og_url":"https:\/\/www.marineudstyr.dk\/guide\/baadudstyr-jylland\/frederikshavn\/","og_site_name":"Marineudstyr Guide","article_modified_time":"2020-09-04T11:54:33+00:00","twitter_card":"summary_large_image","twitter_misc":{"Estimeret l\u00e6setid":"4 minutter"},"schema":{"@context":"https:\/\/schema.org","@graph":[{"@type":"WebSite","@id":"https:\/\/www.marineudstyr.dk\/guide\/#website","url":"https:\/\/www.marineudstyr.dk\/guide\/","name":"Marineudstyr Guide","description":"Guide - Marineudstyr","potentialAction":[{"@type":"SearchAction","target":{"@type":"EntryPoint","urlTemplate":"https:\/\/www.marineudstyr.dk\/guide\/?s={search_term_string}"},"query-input":"required name=search_term_string"}],"inLanguage":"da-DK"},{"@type":"WebPage","@id":"https:\/\/www.marineudstyr.dk\/guide\/baadudstyr-jylland\/frederikshavn\/#webpage","url":"https:\/\/www.marineudstyr.dk\/guide\/baadudstyr-jylland\/frederikshavn\/","name":"B\u00e5dudstyr i Frederikshavn \u00bb +55 sejler-shops: Marineudstyr.dk","isPartOf":{"@id":"https:\/\/www.marineudstyr.dk\/guide\/#website"},"datePublished":"2020-04-20T01:54:17+00:00","dateModified":"2020-09-04T11:54:33+00:00","description":"Se hvordan du kan k\u00f8be billigt b\u00e5dudstyr i Frederikshavn. Find kontaktoplysninger til den lokale sejler-shop, eller bestil online og f\u00e5 leveret i morgen.","breadcrumb":{"@id":"https:\/\/www.marineudstyr.dk\/guide\/baadudstyr-jylland\/frederikshavn\/#breadcrumb"},"inLanguage":"da-DK","potentialAction":[{"@type":"ReadAction","target":["https:\/\/www.marineudstyr.dk\/guide\/baadudstyr-jylland\/frederikshavn\/"]}]},{"@type":"BreadcrumbList","@id":"https:\/\/www.marineudstyr.dk\/guide\/baadudstyr-jylland\/frederikshavn\/#breadcrumb","itemListElement":[{"@type":"ListItem","position":1,"name":"Hjem","item":"https:\/\/www.marineudstyr.dk\/guide\/forside\/"},{"@type":"ListItem","position":2,"name":"B\u00e5dudstyr Jylland","item":"https:\/\/www.marineudstyr.dk\/guide\/baadudstyr-jylland\/"},{"@type":"ListItem","position":3,"name":"Marineudstyr og sejlershops i Frederikshavn"}]}]}},"acf":[],"_links":{"self":[{"href":"https:\/\/www.marineudstyr.dk\/guide\/wp-json\/wp\/v2\/pages\/969"}],"collection":[{"href":"https:\/\/www.marineudstyr.dk\/guide\/wp-json\/wp\/v2\/pages"}],"about":[{"href":"https:\/\/www.marineudstyr.dk\/guide\/wp-json\/wp\/v2\/types\/page"}],"author":[{"embeddable":true,"href":"https:\/\/www.marineudstyr.dk\/guide\/wp-json\/wp\/v2\/users\/4"}],"replies":[{"embeddable":true,"href":"https:\/\/www.marineudstyr.dk\/guide\/wp-json\/wp\/v2\/comments?post=969"}],"version-history":[{"count":5,"href":"https:\/\/www.marineudstyr.dk\/guide\/wp-json\/wp\/v2\/pages\/969\/revisions"}],"predecessor-version":[{"id":1101,"href":"https:\/\/www.marineudstyr.dk\/guide\/wp-json\/wp\/v2\/pages\/969\/revisions\/1101"}],"up":[{"embeddable":true,"href":"https:\/\/www.marineudstyr.dk\/guide\/wp-json\/wp\/v2\/pages\/957"}],"wp:attachment":[{"href":"https:\/\/www.marineudstyr.dk\/guide\/wp-json\/wp\/v2\/media?parent=969"}],"curies":[{"name":"wp","href":"https:\/\/api.w.org\/{rel}","templated":true}]}}