{"id":1005,"date":"2020-04-29T06:42:40","date_gmt":"2020-04-29T05:42:40","guid":{"rendered":"https:\/\/www.marineudstyr.dk\/guide\/?page_id=1005"},"modified":"2021-04-28T04:31:26","modified_gmt":"2021-04-28T03:31:26","slug":"koebenhavn","status":"publish","type":"page","link":"https:\/\/www.marineudstyr.dk\/guide\/baadudstyr-sjaelland\/koebenhavn\/","title":{"rendered":"Marineudstyr og sejlershops i K\u00f8benhavn"},"content":{"rendered":"\r\n<p>K\u00f8benhavn er, som den danske hovedstad, Danmarks byhjerte. Midtbyen huser mere end 600.000 indbyggere og kan derfor notere sig som Danmarks mest folkerige kommune. Selvom det pulserende byliv optager store arealer af det indre K\u00f8benhavn, bliver du ikke snydt for gr\u00e6sbegroede parker, skovarealer og kystomr\u00e5der ud mod \u00d8resund. Dette ser vi allerede inde i byens midte, hvor store broer skaber sammenh\u00e6ng mellem byens forskellige dele.<\/p>\r\n\r\n\r\n\r\n<p>K\u00f8benhavns historie er lang, og vi skal helt tilbage til \u00e5r 800, hvor der l\u00e5 et mindre fiskerleje i byens centrum. Byens centrale placering gjorde den ligeledes til et knudepunkt for trafik og handel, idet K\u00f8benhavn havde en vigtig s\u00f8handelsvej.<\/p>\r\n\r\n\r\n\r\n<p>I dag er K\u00f8benhavn s\u00e6rdeles kendt for omr\u00e5det omkring Christianshavn og Refshale\u00f8en, der byder p\u00e5 b\u00e5de byliv og havnearealer med plads til udfoldelse og friluftsliv. K\u00f8benhavns Havn er byens bl\u00e5 byrum, og den str\u00e6kker sig fra Svanem\u00f8llebugten i nord til Sj\u00e6llandsbroen i syd. I dag ejes havnen af K\u00f8benhavns Havn A\/S, hvor selve havnedriften varetages af Copenhagen Malm\u00f6 Port AB. Havnen er opdelt i syv forskellige omr\u00e5der, hvor blandt andet S\u00f8ndre Frihavn og Inderhavnen er blandt de syv.\u00a0<\/p>\r\n\r\n\r\n\r\n<h3>Forskellige havne med plads til livet<\/h3>\r\n\r\n\r\n\r\n<p>K\u00f8benhavns Havn har i en \u00e5rr\u00e6kke v\u00e6ret under en udvikling, hvor by og havn skulle samles i \u00e9t. Men det har ikke resulteret i, at det ikke l\u00e6ngere er muligt at dyrke sin passion for sejlads, b\u00e5d eller marinefart. Tv\u00e6rtimod har det blot udvidet de mange muligheder, der nu findes syv forskellige steder i byen, og hvor du kan have base for mange dejlige sejladser rundt om <a href=\"https:\/\/www.marineudstyr.dk\/guide\/baadudstyr-sjaelland\/\">Sj\u00e6lland<\/a>.<\/p>\r\n\r\n\r\n\r\n<p>K\u00f8benhavn rummer en r\u00e6kke forskellige havne. Mod nord finder du Svanem\u00f8llehavnen og Kalkbr\u00e6nderihavnen K\u00f8benhavn, der gr\u00e6nser op til den fantastiske strandbred, som Svanem\u00f8llen har at tilbyde. I Kalkbr\u00e6nderihavnen er der sejlads for alle, roning og mulighed for andre maritime aktiviteter.<\/p>\r\n\r\n\r\n\r\n<p>Bev\u00e6ger vi os mere mod syd, finder vi S\u00f8ndre Frihavn Lystb\u00e5dehavn og den popul\u00e6re Langelinie Lystb\u00e5dehavn. Her er der plads til dig, der elsker sejlads, og der er rig mulighed for at f\u00e5 styr p\u00e5 b\u00e5de sejludstyr og b\u00e5dudstyr.<\/p>\r\n\r\n\r\n\r\n<p>Refshale\u00f8en danner ogs\u00e5 rammerne for b\u00e5de K\u00f8benhavns Yacht Service og Margretheholms Havn. Disse ligger i natursk\u00f8nne omgivelser, hvor der er gode muligheder for vandaktiviteter som paddle-board, vandski og wakeboard. Og helt inde i midten af K\u00f8benhavn finder vi Wilders Plads Marina, der er en traditionsrig havn i Christianshavns kanaler. Her kan man bl.a. <a href=\"https:\/\/www.mira1898.dk\/\" target=\"_blank\" rel=\"noopener noreferrer\">booke en sp\u00e6ndende sejltur med Skonnerten Mira<\/a>.<\/p>\r\n\r\n\r\n\r\n<h3>Hellers<\/h3>\r\n\r\n\r\n\r\n<p>Hvis du allerede er b\u00e5dejer, er du ikke i tvivl om, at det ogs\u00e5 kr\u00e6ver lidt arbejde. Mange timer skal nemlig g\u00e5 med at vedligeholde b\u00e5den, hvilket er meget vigtigt. Hvis motoren, ankret eller navigationen pludseligt g\u00e5r i stykker p\u00e5 grund af manglende vedligeholdelse, er det sv\u00e6rt at blive ved med at f\u00f8le sig sikker, n\u00e5r man er ude p\u00e5 det \u00e5bne hav.<\/p>\r\n\r\n\r\n\r\n<p>P\u00e5 Amager kan du finde en stor marine-butik, hvor de har alt det b\u00e5dudstyr, som din b\u00e5d kan mangle. Derudover har de ogs\u00e5 et v\u00e6rft, hvor de tidligere har arbejdet med store projekter. I dag vil de gerne hj\u00e6lpe private b\u00e5dejere med vedligeholdelse og reparationer af b\u00e5den. Sejlershoppen og v\u00e6rftet, Hellers, finder du i Kastrup p\u00e5 adressen:<\/p>\r\n\r\n\r\n\r\n<p><strong>Hellers<\/strong><br \/><strong>Kastrup Strandpark 9<br \/>Kastrup 2770<\/strong><\/p>\r\n\r\n\r\n\r\n<h3>Lynettens B\u00e5dservice<\/h3>\r\n\r\n\r\n\r\n<p>Butikken blev indviet tilbage i 1978 og har siden da specialiseret sig inden for b\u00e5dudstyr og s\u00f8kort. Butikken har en stor viden inden for marineudstyr og har derfor ekspertise inden for en lang r\u00e6kke maritime omr\u00e5der.<\/p>\r\n\r\n\r\n\r\n<p>Med Danmarks st\u00f8rste udvalg inden for b\u00e5dudstyr finder du alt, hvad hjertet beg\u00e6rer, n\u00e5r du bes\u00f8ger Lynettens B\u00e5dservice. Marine Proshop best\u00e5r af 14 selvst\u00e6ndigt drevet specialbutikker, og de tilbyder samtidig en r\u00e6kke v\u00e6rksteder og servicecentre. Siden 2012 har de samarbejdet med Danmarks st\u00f8rste grossist inden for b\u00e5dudstyr, nemlig Palby Marine. Dermed sikrer de sig et velassorteret udvalg i deres butikkerne landet over.<\/p>\r\n\r\n\r\n\r\n<p><strong>Lynettens B\u00e5dservice <br \/>Refshalevej 200<br \/>1432 K\u00f8benhavn<br \/>+45 3257 6106<\/strong><\/p>\r\n\r\n\r\n\r\n<h3>Marinetorvet K\u00f8benhavn<\/h3>\r\n\r\n\r\n\r\n<p>P\u00e5 den travle hovedgade Amagerbrogade finder man butikken Marinetorvet, som is\u00e6r har specialisteret sig i alt i elektronik til b\u00e5den. Senest har man ogs\u00e5 \u00e5bnet en butik\/showroom i Haslev p\u00e5 Midtsj\u00e6lland.<\/p>\r\n\r\n\r\n\r\n<p><strong>Marinetorvet K\u00f8benhavn<br \/>Amagerbrogade 207<br \/>2300 K\u00f8benhavn S<\/strong><br \/><strong>+45 3212 1111<\/strong><\/p>\r\n\r\n\r\n\r\n<p>Derudover ligger indre K\u00f8benhavn lige i n\u00e6rheden, hvis du gerne vil i Friluftsland for at k\u00f8be noget ordentligt udend\u00f8rst\u00f8j. N\u00e5r storbyen er s\u00e5 t\u00e6t p\u00e5 naturen og de sm\u00e5 maritime havne, bliver det pludseligt nemt at finde det b\u00e5dudstyr, som man m\u00e5ske har glemt at f\u00e5 med hjemmefra.<\/p>\r\n\r\n\r\n\r\n<h2>K\u00f8b b\u00e5dudstyr online i K\u00f8benhavn &#8211; hos Marineudstyr.dk<\/h2>\r\n\r\n\r\n\r\n<p>Hvis du foretr\u00e6kker at k\u00f8be dit b\u00e5dudstyr over nettet, kan du g\u00f8re det lige her p\u00e5 siden. Hos Marineudstyr.dk kan du nemlig k\u00f8be dit b\u00e5dudstyr p\u00e5 vores danske webshop, der tilbyder et stort sortiment af b\u00e5dudstyr til alle. Med 30 dages fuld returret kan du sagtens bestille dine varer hjem og tage dem i \u00f8jesyn, og vi sender naturligvis ogs\u00e5 alt i b\u00e5dudstyr til K\u00f8benhavn fra vores centrale lager i Odense. Du kan s\u00e5ledes altid f\u00e5 udleveret dine pakker i en GLS Pakkeshop t\u00e6t ved dig. Klik p\u00e5 knappen &#8220;G\u00e5 til webshop&#8221; eller <a href=\"https:\/\/www.marineudstyr.dk\/\">tryk her<\/a> for at g\u00e5 til forsiden af webshoppen.<\/p>\r\n","protected":false},"excerpt":{"rendered":"<p>K\u00f8benhavn er, som den danske hovedstad, Danmarks byhjerte. Midtbyen huser mere end 600.000 indbyggere og kan derfor notere sig som Danmarks mest folkerige kommune. Selvom det pulserende byliv optager store arealer af det indre K\u00f8benhavn, bliver du ikke snydt for gr\u00e6sbegroede parker, skovarealer og kystomr\u00e5der ud mod \u00d8resund. Dette ser vi allerede inde i byens [&hellip;]<\/p>\n","protected":false},"author":4,"featured_media":0,"parent":988,"menu_order":0,"comment_status":"closed","ping_status":"closed","template":"","meta":[],"yoast_head":"<!-- This site is optimized with the Yoast SEO plugin v18.4 - https:\/\/yoast.com\/wordpress\/plugins\/seo\/ -->\n<title>B\u00e5dudstyr K\u00f8benhavn \u00bb Find +55 sejler-shops - Marineudstyr.dk<\/title>\n<meta name=\"description\" content=\"Se hvordan du kan k\u00f8be billigt b\u00e5dudstyr i K\u00f8benhavn. Find kontaktoplysninger til den lokale sejler-shop, eller bestil online og f\u00e5 leveret i morgen.\" \/>\n<meta name=\"robots\" content=\"index, follow, max-snippet:-1, max-image-preview:large, max-video-preview:-1\" \/>\n<link rel=\"canonical\" href=\"https:\/\/www.marineudstyr.dk\/guide\/baadudstyr-sjaelland\/koebenhavn\/\" \/>\n<meta property=\"og:locale\" content=\"da_DK\" \/>\n<meta property=\"og:type\" content=\"article\" \/>\n<meta property=\"og:title\" content=\"B\u00e5dudstyr K\u00f8benhavn \u00bb Find +55 sejler-shops - Marineudstyr.dk\" \/>\n<meta property=\"og:description\" content=\"Se hvordan du kan k\u00f8be billigt b\u00e5dudstyr i K\u00f8benhavn. Find kontaktoplysninger til den lokale sejler-shop, eller bestil online og f\u00e5 leveret i morgen.\" \/>\n<meta property=\"og:url\" content=\"https:\/\/www.marineudstyr.dk\/guide\/baadudstyr-sjaelland\/koebenhavn\/\" \/>\n<meta property=\"og:site_name\" content=\"Marineudstyr Guide\" \/>\n<meta property=\"article:modified_time\" content=\"2021-04-28T03:31:26+00:00\" \/>\n<meta name=\"twitter:card\" content=\"summary_large_image\" \/>\n<meta name=\"twitter:label1\" content=\"Estimeret l\u00e6setid\" \/>\n\t<meta name=\"twitter:data1\" content=\"5 minutter\" \/>\n<script type=\"application\/ld+json\" class=\"yoast-schema-graph\">{\"@context\":\"https:\/\/schema.org\",\"@graph\":[{\"@type\":\"WebSite\",\"@id\":\"https:\/\/www.marineudstyr.dk\/guide\/#website\",\"url\":\"https:\/\/www.marineudstyr.dk\/guide\/\",\"name\":\"Marineudstyr Guide\",\"description\":\"Guide - Marineudstyr\",\"potentialAction\":[{\"@type\":\"SearchAction\",\"target\":{\"@type\":\"EntryPoint\",\"urlTemplate\":\"https:\/\/www.marineudstyr.dk\/guide\/?s={search_term_string}\"},\"query-input\":\"required name=search_term_string\"}],\"inLanguage\":\"da-DK\"},{\"@type\":\"WebPage\",\"@id\":\"https:\/\/www.marineudstyr.dk\/guide\/baadudstyr-sjaelland\/koebenhavn\/#webpage\",\"url\":\"https:\/\/www.marineudstyr.dk\/guide\/baadudstyr-sjaelland\/koebenhavn\/\",\"name\":\"B\u00e5dudstyr K\u00f8benhavn \u00bb Find +55 sejler-shops - Marineudstyr.dk\",\"isPartOf\":{\"@id\":\"https:\/\/www.marineudstyr.dk\/guide\/#website\"},\"datePublished\":\"2020-04-29T05:42:40+00:00\",\"dateModified\":\"2021-04-28T03:31:26+00:00\",\"description\":\"Se hvordan du kan k\u00f8be billigt b\u00e5dudstyr i K\u00f8benhavn. Find kontaktoplysninger til den lokale sejler-shop, eller bestil online og f\u00e5 leveret i morgen.\",\"breadcrumb\":{\"@id\":\"https:\/\/www.marineudstyr.dk\/guide\/baadudstyr-sjaelland\/koebenhavn\/#breadcrumb\"},\"inLanguage\":\"da-DK\",\"potentialAction\":[{\"@type\":\"ReadAction\",\"target\":[\"https:\/\/www.marineudstyr.dk\/guide\/baadudstyr-sjaelland\/koebenhavn\/\"]}]},{\"@type\":\"BreadcrumbList\",\"@id\":\"https:\/\/www.marineudstyr.dk\/guide\/baadudstyr-sjaelland\/koebenhavn\/#breadcrumb\",\"itemListElement\":[{\"@type\":\"ListItem\",\"position\":1,\"name\":\"Hjem\",\"item\":\"https:\/\/www.marineudstyr.dk\/guide\/forside\/\"},{\"@type\":\"ListItem\",\"position\":2,\"name\":\"B\u00e5dudstyr Sj\u00e6lland\",\"item\":\"https:\/\/www.marineudstyr.dk\/guide\/baadudstyr-sjaelland\/\"},{\"@type\":\"ListItem\",\"position\":3,\"name\":\"Marineudstyr og sejlershops i K\u00f8benhavn\"}]}]}<\/script>\n<!-- \/ Yoast SEO plugin. -->","yoast_head_json":{"title":"B\u00e5dudstyr K\u00f8benhavn \u00bb Find +55 sejler-shops - Marineudstyr.dk","description":"Se hvordan du kan k\u00f8be billigt b\u00e5dudstyr i K\u00f8benhavn. Find kontaktoplysninger til den lokale sejler-shop, eller bestil online og f\u00e5 leveret i morgen.","robots":{"index":"index","follow":"follow","max-snippet":"max-snippet:-1","max-image-preview":"max-image-preview:large","max-video-preview":"max-video-preview:-1"},"canonical":"https:\/\/www.marineudstyr.dk\/guide\/baadudstyr-sjaelland\/koebenhavn\/","og_locale":"da_DK","og_type":"article","og_title":"B\u00e5dudstyr K\u00f8benhavn \u00bb Find +55 sejler-shops - Marineudstyr.dk","og_description":"Se hvordan du kan k\u00f8be billigt b\u00e5dudstyr i K\u00f8benhavn. Find kontaktoplysninger til den lokale sejler-shop, eller bestil online og f\u00e5 leveret i morgen.","og_url":"https:\/\/www.marineudstyr.dk\/guide\/baadudstyr-sjaelland\/koebenhavn\/","og_site_name":"Marineudstyr Guide","article_modified_time":"2021-04-28T03:31:26+00:00","twitter_card":"summary_large_image","twitter_misc":{"Estimeret l\u00e6setid":"5 minutter"},"schema":{"@context":"https:\/\/schema.org","@graph":[{"@type":"WebSite","@id":"https:\/\/www.marineudstyr.dk\/guide\/#website","url":"https:\/\/www.marineudstyr.dk\/guide\/","name":"Marineudstyr Guide","description":"Guide - Marineudstyr","potentialAction":[{"@type":"SearchAction","target":{"@type":"EntryPoint","urlTemplate":"https:\/\/www.marineudstyr.dk\/guide\/?s={search_term_string}"},"query-input":"required name=search_term_string"}],"inLanguage":"da-DK"},{"@type":"WebPage","@id":"https:\/\/www.marineudstyr.dk\/guide\/baadudstyr-sjaelland\/koebenhavn\/#webpage","url":"https:\/\/www.marineudstyr.dk\/guide\/baadudstyr-sjaelland\/koebenhavn\/","name":"B\u00e5dudstyr K\u00f8benhavn \u00bb Find +55 sejler-shops - Marineudstyr.dk","isPartOf":{"@id":"https:\/\/www.marineudstyr.dk\/guide\/#website"},"datePublished":"2020-04-29T05:42:40+00:00","dateModified":"2021-04-28T03:31:26+00:00","description":"Se hvordan du kan k\u00f8be billigt b\u00e5dudstyr i K\u00f8benhavn. Find kontaktoplysninger til den lokale sejler-shop, eller bestil online og f\u00e5 leveret i morgen.","breadcrumb":{"@id":"https:\/\/www.marineudstyr.dk\/guide\/baadudstyr-sjaelland\/koebenhavn\/#breadcrumb"},"inLanguage":"da-DK","potentialAction":[{"@type":"ReadAction","target":["https:\/\/www.marineudstyr.dk\/guide\/baadudstyr-sjaelland\/koebenhavn\/"]}]},{"@type":"BreadcrumbList","@id":"https:\/\/www.marineudstyr.dk\/guide\/baadudstyr-sjaelland\/koebenhavn\/#breadcrumb","itemListElement":[{"@type":"ListItem","position":1,"name":"Hjem","item":"https:\/\/www.marineudstyr.dk\/guide\/forside\/"},{"@type":"ListItem","position":2,"name":"B\u00e5dudstyr Sj\u00e6lland","item":"https:\/\/www.marineudstyr.dk\/guide\/baadudstyr-sjaelland\/"},{"@type":"ListItem","position":3,"name":"Marineudstyr og sejlershops i K\u00f8benhavn"}]}]}},"acf":[],"_links":{"self":[{"href":"https:\/\/www.marineudstyr.dk\/guide\/wp-json\/wp\/v2\/pages\/1005"}],"collection":[{"href":"https:\/\/www.marineudstyr.dk\/guide\/wp-json\/wp\/v2\/pages"}],"about":[{"href":"https:\/\/www.marineudstyr.dk\/guide\/wp-json\/wp\/v2\/types\/page"}],"author":[{"embeddable":true,"href":"https:\/\/www.marineudstyr.dk\/guide\/wp-json\/wp\/v2\/users\/4"}],"replies":[{"embeddable":true,"href":"https:\/\/www.marineudstyr.dk\/guide\/wp-json\/wp\/v2\/comments?post=1005"}],"version-history":[{"count":3,"href":"https:\/\/www.marineudstyr.dk\/guide\/wp-json\/wp\/v2\/pages\/1005\/revisions"}],"predecessor-version":[{"id":1406,"href":"https:\/\/www.marineudstyr.dk\/guide\/wp-json\/wp\/v2\/pages\/1005\/revisions\/1406"}],"up":[{"embeddable":true,"href":"https:\/\/www.marineudstyr.dk\/guide\/wp-json\/wp\/v2\/pages\/988"}],"wp:attachment":[{"href":"https:\/\/www.marineudstyr.dk\/guide\/wp-json\/wp\/v2\/media?parent=1005"}],"curies":[{"name":"wp","href":"https:\/\/api.w.org\/{rel}","templated":true}]}}