{"id":1003,"date":"2020-04-29T06:33:35","date_gmt":"2020-04-29T05:33:35","guid":{"rendered":"https:\/\/www.marineudstyr.dk\/guide\/?page_id=1003"},"modified":"2020-04-29T06:33:36","modified_gmt":"2020-04-29T05:33:36","slug":"amager","status":"publish","type":"page","link":"https:\/\/www.marineudstyr.dk\/guide\/baadudstyr-sjaelland\/amager\/","title":{"rendered":"Marineudstyr og sejlershops p\u00e5 Amager"},"content":{"rendered":"\n<p>Amager er Danmarks t\u00e6ttest befolkede \u00f8 med over 200.000 indbyggere p\u00e5 kun knap 100 km2. \u00d8en, som ligger i \u00d8resund, og som\u00a0n\u00e6rmest er blevet til en integreret del af Danmarks hovedstad, har mange muligheder inden for det maritime, og mange sejlere fra K\u00f8benhavn v\u00e6lger derfor at have deres b\u00e5d til at ligge ved en af Amagers mange lystb\u00e5dehavne. Amager har nemlig en lang kystlinje mod \u00f8st, hvor mange forskellige sm\u00e5 og hyggelige havne er kommet frem i l\u00f8bet af \u00e5rene.<\/p>\n\n\n\n<p>Tidligere var Amager sp\u00e6kket med industri b\u00e5de p\u00e5 havnen samt rundt p\u00e5 \u00f8en, men i dag er det smukke naturomr\u00e5der som Kalvebod F\u00e6lled og ikke mindst boligomr\u00e5der, der pr\u00e6ger Amagers landskab. Der kommer mere og mere beboelse til, hvorfor industrien ogs\u00e5 er helt indskr\u00e6nket.<\/p>\n\n\n\n<p>Hvis du gerne vil opleve Danmark fra \u00e9n af de mest \u00f8stlige sider, s\u00e5 let anker og sejl mod Amager. P\u00e5 den \u00f8stlige side kan du blandt andet finde Kastrup Lystb\u00e5dehavn, Kastrup Gammel Havn og Drag\u00f8r Havn. P\u00e5 den vestlige side ind mod K\u00f8benhavn, er det muligt at tage kanalerne ind til K\u00f8benhavns Havn.<\/p>\n\n\n\n<h3>Det maritime milj\u00f8 p\u00e5 Amager<\/h3>\n\n\n\n<p>Der bliver hurtigt skabt et maritimt milj\u00f8 langs den \u00f8stlige kystlinje. Her finder vi nogle store lystb\u00e5dehavne, hvor mange b\u00e5de l\u00e6gger til kaj. Det er typisk lystb\u00e5dehavnene, som tiltr\u00e6kker de bes\u00f8gende, idet der er en frihed i at bev\u00e6ge sig rundt blandt vedligeholdte skibe \u2013 nogle mere end andre.<\/p>\n\n\n\n<p>Ved Kastrup Gammel Havn finder du blandt andet Havne Hytten, hvor det er muligt at f\u00e5 stillet den lille sult med en is eller lidt koldt at drikke p\u00e5 en varm sommerdag. P\u00e5 Kastrup Lystb\u00e5dehavn kan du g\u00e5 rundt ved de sm\u00e5 havnehuse eller se p\u00e5 mange flotte forskellige b\u00e5de.<\/p>\n\n\n\n<p>Du vil kunne g\u00e5 langs Amagers kyst, hvor der er ogs\u00e5 er mulighed for at spise p\u00e5 hyggelige caf\u00e9er og restauranter.<\/p>\n\n\n\n<h3>Hellers<\/h3>\n\n\n\n<p>Hvis du allerede er b\u00e5dejer, er du ikke i tvivl om, at det ogs\u00e5 kr\u00e6ver lidt arbejde. Mange timer skal nemlig g\u00e5 med at vedligeholde b\u00e5den, hvilket er meget vigtigt. Hvis motoren, ankret eller navigationen pludseligt g\u00e5r i stykker p\u00e5 grund af manglende vedligeholdelse, er det sv\u00e6rt at blive ved med at f\u00f8le sig sikker, n\u00e5r man er ude p\u00e5 det \u00e5bne hav.<\/p>\n\n\n\n<p>P\u00e5 Amager kan du finde en stor marine-butik, hvor de har alt det b\u00e5dudstyr, som din b\u00e5d kan mangle. Derudover har de ogs\u00e5 et v\u00e6rft, hvor de tidligere har arbejdet med store projekter. I dag vil de gerne hj\u00e6lpe private b\u00e5dejere med vedligeholdelse og reparationer af b\u00e5den. Sejlershoppen og v\u00e6rftet, Hellers, finder du i Kastrup p\u00e5 adressen:<\/p>\n\n\n\n<p><strong>Hellers<\/strong><br><strong>Kastrup Strandpark 9<br>Kastrup 2770<\/strong><\/p>\n\n\n\n<h3>Lynettens B\u00e5dservice<\/h3>\n\n\n\n<p>P\u00e5 den nordligste del af Amager finder man Lynettens B\u00e5dservice, i de historiske omgivelser p\u00e5 Refshale\u00f8en (som trods navnet h\u00e6nger sammen med Amager). Butikken er en del af k\u00e6den Marine ProShop og er etableret i 1978.<\/p>\n\n\n\n<p><strong>Lynettens B\u00e5dservice <br>Refshalevej 200<br>1432 K\u00f8benhavn<br>+45 3257 6106<\/strong><\/p>\n\n\n\n<h3>Marinetorvet Amager<\/h3>\n\n\n\n<p>P\u00e5 den travle hovedgade Amagerbrogade finder man butikken Marinetorvet, som is\u00e6r har specialisteret sig i alt i elektronik til b\u00e5den. Senest har man ogs\u00e5 \u00e5bnet en butik\/showroom i Haslev p\u00e5 Midtsj\u00e6lland.<\/p>\n\n\n\n<p><strong>Marinetorvet K\u00f8benhavn<br>Amagerbrogade 207<br>2300 K\u00f8benhavn S<\/strong><br><strong>+45 3212 1111<\/strong><\/p>\n\n\n\n<p>Derudover ligger indre K\u00f8benhavn lige i n\u00e6rheden, hvis du gerne vil i Friluftsland for at k\u00f8be noget ordentligt udend\u00f8rst\u00f8j. Friluftsland ligger ogs\u00e5 i T\u00e5rnby p\u00e5 Amager. N\u00e5r storbyen er s\u00e5 t\u00e6t p\u00e5 naturen og de sm\u00e5 maritime havne, bliver det pludseligt nemt at finde det b\u00e5dudstyr, som man m\u00e5ske har glemt at f\u00e5 med hjemmefra.<\/p>\n\n\n\n<h2>K\u00f8b b\u00e5dudstyr online p\u00e5 Amager &#8211; hos Marineudstyr.dk<\/h2>\n\n\n\n<p>Hvis du foretr\u00e6kker at k\u00f8be dit b\u00e5dudstyr over nettet, kan du g\u00f8re det lige her p\u00e5 siden. Hos Marineudstyr.dk kan du nemlig k\u00f8be dit b\u00e5dudstyr p\u00e5 vores danske webshop, der tilbyder et stort sortiment af b\u00e5dudstyr til alle. Med 30 dages fuld returret kan du sagtens bestille dine varer hjem og tage dem i \u00f8jesyn, og vi sender naturligvis ogs\u00e5 alt i b\u00e5dudstyr til Amager, hvor du kan f\u00e5 udleveret dine pakker i en GLS Pakkeshop. Klik p\u00e5 knappen &#8220;G\u00e5 til webshop&#8221; eller <a href=\"https:\/\/www.marineudstyr.dk\/\">tryk her<\/a> for at g\u00e5 til forsiden af webshoppen.<\/p>\n","protected":false},"excerpt":{"rendered":"<p>Amager er Danmarks t\u00e6ttest befolkede \u00f8 med over 200.000 indbyggere p\u00e5 kun knap 100 km2. \u00d8en, som ligger i \u00d8resund, og som\u00a0n\u00e6rmest er blevet til en integreret del af Danmarks hovedstad, har mange muligheder inden for det maritime, og mange sejlere fra K\u00f8benhavn v\u00e6lger derfor at have deres b\u00e5d til at ligge ved en af [&hellip;]<\/p>\n","protected":false},"author":4,"featured_media":0,"parent":988,"menu_order":0,"comment_status":"closed","ping_status":"closed","template":"","meta":[],"yoast_head":"<!-- This site is optimized with the Yoast SEO plugin v18.4 - https:\/\/yoast.com\/wordpress\/plugins\/seo\/ -->\n<title>B\u00e5dudstyr p\u00e5 Amager \u00bb Find +55 sejler-shops i Marineudstyr Guide<\/title>\n<meta name=\"description\" content=\"Se hvordan du kan k\u00f8be billigt b\u00e5dudstyr p\u00e5 Amager. Find kontaktoplysninger til den lokale sejler-shop, eller bestil online og f\u00e5 leveret i morgen.\" \/>\n<meta name=\"robots\" content=\"index, follow, max-snippet:-1, max-image-preview:large, max-video-preview:-1\" \/>\n<link rel=\"canonical\" href=\"https:\/\/www.marineudstyr.dk\/guide\/baadudstyr-sjaelland\/amager\/\" \/>\n<meta property=\"og:locale\" content=\"da_DK\" \/>\n<meta property=\"og:type\" content=\"article\" \/>\n<meta property=\"og:title\" content=\"B\u00e5dudstyr p\u00e5 Amager \u00bb Find +55 sejler-shops i Marineudstyr Guide\" \/>\n<meta property=\"og:description\" content=\"Se hvordan du kan k\u00f8be billigt b\u00e5dudstyr p\u00e5 Amager. Find kontaktoplysninger til den lokale sejler-shop, eller bestil online og f\u00e5 leveret i morgen.\" \/>\n<meta property=\"og:url\" content=\"https:\/\/www.marineudstyr.dk\/guide\/baadudstyr-sjaelland\/amager\/\" \/>\n<meta property=\"og:site_name\" content=\"Marineudstyr Guide\" \/>\n<meta property=\"article:modified_time\" content=\"2020-04-29T05:33:36+00:00\" \/>\n<meta name=\"twitter:card\" content=\"summary_large_image\" \/>\n<meta name=\"twitter:label1\" content=\"Estimeret l\u00e6setid\" \/>\n\t<meta name=\"twitter:data1\" content=\"4 minutter\" \/>\n<script type=\"application\/ld+json\" class=\"yoast-schema-graph\">{\"@context\":\"https:\/\/schema.org\",\"@graph\":[{\"@type\":\"WebSite\",\"@id\":\"https:\/\/www.marineudstyr.dk\/guide\/#website\",\"url\":\"https:\/\/www.marineudstyr.dk\/guide\/\",\"name\":\"Marineudstyr Guide\",\"description\":\"Guide - Marineudstyr\",\"potentialAction\":[{\"@type\":\"SearchAction\",\"target\":{\"@type\":\"EntryPoint\",\"urlTemplate\":\"https:\/\/www.marineudstyr.dk\/guide\/?s={search_term_string}\"},\"query-input\":\"required name=search_term_string\"}],\"inLanguage\":\"da-DK\"},{\"@type\":\"WebPage\",\"@id\":\"https:\/\/www.marineudstyr.dk\/guide\/baadudstyr-sjaelland\/amager\/#webpage\",\"url\":\"https:\/\/www.marineudstyr.dk\/guide\/baadudstyr-sjaelland\/amager\/\",\"name\":\"B\u00e5dudstyr p\u00e5 Amager \u00bb Find +55 sejler-shops i Marineudstyr Guide\",\"isPartOf\":{\"@id\":\"https:\/\/www.marineudstyr.dk\/guide\/#website\"},\"datePublished\":\"2020-04-29T05:33:35+00:00\",\"dateModified\":\"2020-04-29T05:33:36+00:00\",\"description\":\"Se hvordan du kan k\u00f8be billigt b\u00e5dudstyr p\u00e5 Amager. Find kontaktoplysninger til den lokale sejler-shop, eller bestil online og f\u00e5 leveret i morgen.\",\"breadcrumb\":{\"@id\":\"https:\/\/www.marineudstyr.dk\/guide\/baadudstyr-sjaelland\/amager\/#breadcrumb\"},\"inLanguage\":\"da-DK\",\"potentialAction\":[{\"@type\":\"ReadAction\",\"target\":[\"https:\/\/www.marineudstyr.dk\/guide\/baadudstyr-sjaelland\/amager\/\"]}]},{\"@type\":\"BreadcrumbList\",\"@id\":\"https:\/\/www.marineudstyr.dk\/guide\/baadudstyr-sjaelland\/amager\/#breadcrumb\",\"itemListElement\":[{\"@type\":\"ListItem\",\"position\":1,\"name\":\"Hjem\",\"item\":\"https:\/\/www.marineudstyr.dk\/guide\/forside\/\"},{\"@type\":\"ListItem\",\"position\":2,\"name\":\"B\u00e5dudstyr Sj\u00e6lland\",\"item\":\"https:\/\/www.marineudstyr.dk\/guide\/baadudstyr-sjaelland\/\"},{\"@type\":\"ListItem\",\"position\":3,\"name\":\"Marineudstyr og sejlershops p\u00e5 Amager\"}]}]}<\/script>\n<!-- \/ Yoast SEO plugin. -->","yoast_head_json":{"title":"B\u00e5dudstyr p\u00e5 Amager \u00bb Find +55 sejler-shops i Marineudstyr Guide","description":"Se hvordan du kan k\u00f8be billigt b\u00e5dudstyr p\u00e5 Amager. Find kontaktoplysninger til den lokale sejler-shop, eller bestil online og f\u00e5 leveret i morgen.","robots":{"index":"index","follow":"follow","max-snippet":"max-snippet:-1","max-image-preview":"max-image-preview:large","max-video-preview":"max-video-preview:-1"},"canonical":"https:\/\/www.marineudstyr.dk\/guide\/baadudstyr-sjaelland\/amager\/","og_locale":"da_DK","og_type":"article","og_title":"B\u00e5dudstyr p\u00e5 Amager \u00bb Find +55 sejler-shops i Marineudstyr Guide","og_description":"Se hvordan du kan k\u00f8be billigt b\u00e5dudstyr p\u00e5 Amager. Find kontaktoplysninger til den lokale sejler-shop, eller bestil online og f\u00e5 leveret i morgen.","og_url":"https:\/\/www.marineudstyr.dk\/guide\/baadudstyr-sjaelland\/amager\/","og_site_name":"Marineudstyr Guide","article_modified_time":"2020-04-29T05:33:36+00:00","twitter_card":"summary_large_image","twitter_misc":{"Estimeret l\u00e6setid":"4 minutter"},"schema":{"@context":"https:\/\/schema.org","@graph":[{"@type":"WebSite","@id":"https:\/\/www.marineudstyr.dk\/guide\/#website","url":"https:\/\/www.marineudstyr.dk\/guide\/","name":"Marineudstyr Guide","description":"Guide - Marineudstyr","potentialAction":[{"@type":"SearchAction","target":{"@type":"EntryPoint","urlTemplate":"https:\/\/www.marineudstyr.dk\/guide\/?s={search_term_string}"},"query-input":"required name=search_term_string"}],"inLanguage":"da-DK"},{"@type":"WebPage","@id":"https:\/\/www.marineudstyr.dk\/guide\/baadudstyr-sjaelland\/amager\/#webpage","url":"https:\/\/www.marineudstyr.dk\/guide\/baadudstyr-sjaelland\/amager\/","name":"B\u00e5dudstyr p\u00e5 Amager \u00bb Find +55 sejler-shops i Marineudstyr Guide","isPartOf":{"@id":"https:\/\/www.marineudstyr.dk\/guide\/#website"},"datePublished":"2020-04-29T05:33:35+00:00","dateModified":"2020-04-29T05:33:36+00:00","description":"Se hvordan du kan k\u00f8be billigt b\u00e5dudstyr p\u00e5 Amager. Find kontaktoplysninger til den lokale sejler-shop, eller bestil online og f\u00e5 leveret i morgen.","breadcrumb":{"@id":"https:\/\/www.marineudstyr.dk\/guide\/baadudstyr-sjaelland\/amager\/#breadcrumb"},"inLanguage":"da-DK","potentialAction":[{"@type":"ReadAction","target":["https:\/\/www.marineudstyr.dk\/guide\/baadudstyr-sjaelland\/amager\/"]}]},{"@type":"BreadcrumbList","@id":"https:\/\/www.marineudstyr.dk\/guide\/baadudstyr-sjaelland\/amager\/#breadcrumb","itemListElement":[{"@type":"ListItem","position":1,"name":"Hjem","item":"https:\/\/www.marineudstyr.dk\/guide\/forside\/"},{"@type":"ListItem","position":2,"name":"B\u00e5dudstyr Sj\u00e6lland","item":"https:\/\/www.marineudstyr.dk\/guide\/baadudstyr-sjaelland\/"},{"@type":"ListItem","position":3,"name":"Marineudstyr og sejlershops p\u00e5 Amager"}]}]}},"acf":[],"_links":{"self":[{"href":"https:\/\/www.marineudstyr.dk\/guide\/wp-json\/wp\/v2\/pages\/1003"}],"collection":[{"href":"https:\/\/www.marineudstyr.dk\/guide\/wp-json\/wp\/v2\/pages"}],"about":[{"href":"https:\/\/www.marineudstyr.dk\/guide\/wp-json\/wp\/v2\/types\/page"}],"author":[{"embeddable":true,"href":"https:\/\/www.marineudstyr.dk\/guide\/wp-json\/wp\/v2\/users\/4"}],"replies":[{"embeddable":true,"href":"https:\/\/www.marineudstyr.dk\/guide\/wp-json\/wp\/v2\/comments?post=1003"}],"version-history":[{"count":1,"href":"https:\/\/www.marineudstyr.dk\/guide\/wp-json\/wp\/v2\/pages\/1003\/revisions"}],"predecessor-version":[{"id":1004,"href":"https:\/\/www.marineudstyr.dk\/guide\/wp-json\/wp\/v2\/pages\/1003\/revisions\/1004"}],"up":[{"embeddable":true,"href":"https:\/\/www.marineudstyr.dk\/guide\/wp-json\/wp\/v2\/pages\/988"}],"wp:attachment":[{"href":"https:\/\/www.marineudstyr.dk\/guide\/wp-json\/wp\/v2\/media?parent=1003"}],"curies":[{"name":"wp","href":"https:\/\/api.w.org\/{rel}","templated":true}]}}